{"id":3524,"date":"2021-12-22T16:39:58","date_gmt":"2021-12-22T16:39:58","guid":{"rendered":"https:\/\/tropicalweddingseychelles.com\/eljegyzes\/"},"modified":"2025-04-08T16:05:21","modified_gmt":"2025-04-08T16:05:21","slug":"eljegyzes","status":"publish","type":"page","link":"https:\/\/tropicalweddingseychelles.com\/hu\/eljegyzes\/","title":{"rendered":"Eljegyz\u00e9s"},"content":{"rendered":"<p>[vc_row css=&#8221;.vc_custom_1648496525907{margin-top: 30px !important;margin-bottom: 50px !important;padding-top: 0px !important;padding-bottom: 0px !important;}&#8221;][vc_column width=&#8221;1\/3&#8243;][vc_column_text]<\/p>\n<h6>Egy kis \u00f3cean, egy kis homok \u00e9s azok a bizonyos var\u00e1zsszavak:<\/h6>\n<p>[\/vc_column_text]<div id=\"ultimate-heading-228369f63d7f5e512\" class=\"uvc-heading ult-adjust-bottom-margin ultimate-heading-228369f63d7f5e512 uvc-3974 \" data-hspacer=\"no_spacer\"  data-halign=\"center\" style=\"text-align:center\"><div class=\"uvc-heading-spacer no_spacer\" style=\"top\"><\/div><div class=\"uvc-main-heading ult-responsive\"  data-ultimate-target='.uvc-heading.ultimate-heading-228369f63d7f5e512 h2'  data-responsive-json-new='{\"font-size\":\"desktop:32px;\",\"line-height\":\"\"}' ><h2 style=\"font-family:&#039;WindSong&#039;;font-style:italic;font-weight:normal;color:#c6b297;\">Hozz\u00e1m j\u00f6ssz feles\u00e9g\u00fcl?<\/h2><\/div><\/div>[vc_empty_space][vc_column_text]<\/p>\n<p style=\"text-align: left;\">Megtal\u00e1ltad a t\u00f6k\u00e9letes partnert, a gy\u0171r\u0171t is megvetted, majd gondosan el is rejtetted, mivel eredeti akarsz lenni, de m\u00e9gsem akarod t\u00falz\u00e1sba vinni. Csal\u00e1dtagokt\u00f3l vagy bar\u00e1tokt\u00f3l val\u00f3sz\u00edn\u0171leg m\u00e1r t\u00f6bb t\u00f6rt\u00e9netet is hallott\u00e1l a t\u00f6k\u00e9letes l\u00e1nyk\u00e9r\u00e9sr\u0151l, de valahogy egyik sem nyerte el igaz\u00e1n a tetsz\u00e9sedet, hiszen most m\u00e9gis csak r\u00f3lad van sz\u00f3 \u00e9s \u00fagy \u00e9rzed enn\u00e9l te sokkal egyedibb m\u00f3don tenn\u00e9d fel azt a bizonyos nagy k\u00e9rd\u00e9st.<\/p>\n<p style=\"text-align: left;\">Amennyiben szeretn\u00e9d eml\u00e9kezetess\u00e9 var\u00e1zsolni a szerelmi vallom\u00e1sodat, sz\u00edvesen lesz\u00fcnk titkos seg\u00edt\u0151id, csapatunkkal st\u00edlusodnak \u00e9s \u00edzl\u00e9svil\u00e1godnak \u2013 persze a j\u00f6vend\u0151belidr\u0151l sem megfeledkezve \u2013 a legink\u00e1bb megfelel\u0151 koncepci\u00f3t \u00e1ll\u00edtjuk \u00f6ssze, hogy \u00e9leted egyik legszebb pillanata val\u00f3ban \u00f6r\u00f6kre sz\u00f3l\u00f3 \u00e9lm\u00e9ny legyen.<\/p>\n<p>[\/vc_column_text][\/vc_column][vc_column width=&#8221;2\/3&#8243; css=&#8221;.vc_custom_1517618936505{padding-top: 100px !important;}&#8221;][vc_single_image image=&#8221;6635&#8243; img_size=&#8221;full&#8221; alignment=&#8221;right&#8221; css_animation=&#8221;fadeInRight&#8221;][\/vc_column][\/vc_row][vc_row full_width=&#8221;stretch_row&#8221; gap=&#8221;30&#8243; bg_type=&#8221;image&#8221; parallax_style=&#8221;vcpb-default&#8221; bg_image_size=&#8221;initial&#8221; bg_override=&#8221;full&#8221; css=&#8221;.vc_custom_1694696601863{margin-bottom: -80px !important;padding-top: 100px !important;padding-bottom: 100px !important;background-color: rgba(233,196,176,0.1) !important;*background-color: rgb(233,196,176) !important;}&#8221;][vc_column width=&#8221;1\/3&#8243; css=&#8221;.vc_custom_1522084568728{padding-top: 0px !important;padding-right: 0px !important;padding-bottom: 0px !important;padding-left: 0px !important;border-radius: 5px !important;}&#8221;]<div class=\"ult_pricing_table_wrap ult_design_4  ult-cs-custom   vc_custom_1744128304964\">\r\n\t\t\t\t\t<div class=\"ult_pricing_table \" style=\"background:#ffffff;border-top-color:rgba(255,255,255,0.1);color:#333333;\"><div id=\"price-table-wrap-4180\" class=\"ult_pricing_heading\">\r\n\t\t\t\t\t\t\t<h3 class=\"price-heading ult-responsive cust-headformat\"  data-ultimate-target='#price-table-wrap-4180 .cust-headformat'  data-responsive-json-new='{\"font-size\":\"desktop:20px;\",\"line-height\":\"desktop:34px;\"}'  style=\"font-family:&#039;Playfair Display&#039;;font-weight:700;color:#000000;\">Eljegyz\u00e9s a parton<\/h3><h5 class=\"price-subheading ult-responsive cust-subhead\"  data-ultimate-target='#price-table-wrap-4180 .cust-subhead'  data-responsive-json-new='{\"font-size\":\"desktop:30px;\",\"line-height\":\"desktop:28px;\"}'  style=\"font-family:&#039;WindSong&#039;;font-weight:300;color:#c6b297;\">Napcs\u00f3kolta piknik<\/h5><\/div><!--ult_pricing_heading--><div class=\"ult_price_body_block\">\r\n\t\t\t\t\t\t\t<div class=\"ult_price_body\">\r\n\t\t\t\t\t\t\t\t<div id=\"price-table-wrap-6606\"  class=\"ult_price\">\r\n\t\t\t\t\t\t\t\t\t<span  data-ultimate-target='#price-table-wrap-6606 .ult_price_figure'  data-responsive-json-new='{\"font-size\":\"desktop:0px;\",\"line-height\":\"desktop:0px;\"}'  class=\"ult_price_figure ult-responsive\" style=\"font-family:&#039;Merriweather&#039;;font-weight:700;color:#222222;\"><\/span>\r\n\t\t\t\t\t\t\t\t\t<span  data-ultimate-target='#price-table-wrap-6606 .ult_price_term'  data-responsive-json-new='{\"font-size\":\"desktop:14px;\",\"line-height\":\"desktop:28px;\"}'  class=\"ult_price_term ult-responsive\" style=\"font-family:&#039;Playfair Display&#039;;font-weight:700;color:#222222;\">Konzult\u00e1ci\u00f3 \u00e9s magyar nyelv\u0171 helyi asszisztencia<\/span>\r\n\t\t\t\t\t\t\t\t<\/div>\r\n\t\t\t\t\t\t\t<\/div>\r\n\t\t\t\t\t\t<\/div><!--ult_price_body_block--><div id=\"price-table-features-wrap-1110\" class=\"ult_price_features ult-responsive\"  data-ultimate-target='#price-table-features-wrap-1110'  data-responsive-json-new='{\"font-size\":\"desktop:14px;\",\"line-height\":\"desktop:28px;\"}'  style=\"font-family:&#039;Merriweather&#039;;font-weight:300;color:#222222;\">\r\n\t\t\t\t\t\t\t<ul>\n<li>Szem\u00e9lyes \u00fcdv\u00f6zlet<\/li>\n<li>2 \u00f3r\u00e1s priv\u00e1t tengerparti piknik<\/li>\n<li>Instagramhoz m\u00e9lt\u00f3 dekor\u00e1ci\u00f3<\/li>\n<li>Sz\u00ednpomp\u00e1s helyi vir\u00e1gf\u00fcz\u00e9r<\/li>\n<li>WILL YOU MARRY ME \u00fcdv\u00f6zl\u0151t\u00e1bla<\/li>\n<li>Hordozhat\u00f3 bluetooth hangsz\u00f3r\u00f3<\/li>\n<li>Tr\u00f3pusi welcome drink<\/li>\n<li>Helyi csemeg\u00e9k (gy\u00fcm\u00f6lcs\u00f6k \u00e9s snackek)<\/li>\n<li>Egy \u00fcveg pezsg\u0151<\/li>\n<li>Palackozott v\u00edz, helyi gy\u00fcm\u00f6lcslevek<\/li>\n<li>Poharak, t\u00e1ny\u00e9rok \u00e9s ev\u0151eszk\u00f6z\u00f6k<\/li>\n<li>Priv\u00e1t ret\u00far transzfer<\/li>\n<li>Szolg\u00e1ltat\u00e1si d\u00edj<\/li>\n<\/ul>\n\r\n\t\t\t\t\t\t<\/div><!--ult_price_features--><div id=\"price-table-button-wrap-1161\" class=\"ult_price_link\">\r\n\t\t\t\t\t\t\t<a  data-ultimate-target='#price-table-button-wrap-1161 .ult_price_action_button'  data-responsive-json-new='{\"font-size\":\"desktop:12px;\",\"line-height\":\"desktop:24px;\"}'  href=\"https:\/\/tropicalweddingseychelles.com\/contact\/\"  class=\"ult_price_action_button ult-responsive\" style=\"background:rgba(255,255,255,0.1);color:#333333; font-weight:700;color:#c6b297;\">AJ\u00c1NLATOT K\u00c9REK<\/a>\r\n\t\t\t\t\t\t<\/div><!--ult_price_link--><div class=\"ult_clr\"><\/div>\r\n\t\t\t<\/div><!--pricing_table-->\r\n\t\t<\/div><!--pricing_table_wrap-->[\/vc_column][vc_column width=&#8221;1\/3&#8243; css=&#8221;.vc_custom_1522084588916{padding-top: 0px !important;padding-right: 0px !important;padding-bottom: 0px !important;padding-left: 0px !important;border-radius: 5px !important;}&#8221;]<div class=\"ult_pricing_table_wrap ult_design_4  ult-cs-custom   vc_custom_1731061157576\">\r\n\t\t\t\t\t<div class=\"ult_pricing_table \" style=\"background:#ffffff;border-top-color:rgba(255,255,255,0.1);color:#333333;\"><div id=\"price-table-wrap-6405\" class=\"ult_pricing_heading\">\r\n\t\t\t\t\t\t\t<h3 class=\"price-heading ult-responsive cust-headformat\"  data-ultimate-target='#price-table-wrap-6405 .cust-headformat'  data-responsive-json-new='{\"font-size\":\"desktop:20px;\",\"line-height\":\"desktop:34px;\"}'  style=\"font-family:&#039;Playfair Display&#039;;font-weight:700;color:#222222;\">Eljegyz\u00e9s a leveg\u0151ben<\/h3><h5 class=\"price-subheading ult-responsive cust-subhead\"  data-ultimate-target='#price-table-wrap-6405 .cust-subhead'  data-responsive-json-new='{\"font-size\":\"desktop:30px;\",\"line-height\":\"desktop:28px;\"}'  style=\"font-family:&#039;WindSong&#039;;font-weight:normal;color:#c6b297;\">Fellegekben j\u00e1rva<\/h5><\/div><!--ult_pricing_heading--><div class=\"ult_price_body_block\">\r\n\t\t\t\t\t\t\t<div class=\"ult_price_body\">\r\n\t\t\t\t\t\t\t\t<div id=\"price-table-wrap-6049\"  class=\"ult_price\">\r\n\t\t\t\t\t\t\t\t\t<span  data-ultimate-target='#price-table-wrap-6049 .ult_price_figure'  data-responsive-json-new='{\"font-size\":\"desktop:0px;\",\"line-height\":\"desktop:0px;\"}'  class=\"ult_price_figure ult-responsive\" style=\"font-family:&#039;Merriweather&#039;;font-weight:700;color:#222222;\"><\/span>\r\n\t\t\t\t\t\t\t\t\t<span  data-ultimate-target='#price-table-wrap-6049 .ult_price_term'  data-responsive-json-new='{\"font-size\":\"desktop:14px;\",\"line-height\":\"desktop:28px;\"}'  class=\"ult_price_term ult-responsive\" style=\"font-family:&#039;Playfair Display&#039;;font-weight:700;color:#222222;\">Konzult\u00e1ci\u00f3 \u00e9s magyar nyelv\u0171 helyi asszisztencia<\/span>\r\n\t\t\t\t\t\t\t\t<\/div>\r\n\t\t\t\t\t\t\t<\/div>\r\n\t\t\t\t\t\t<\/div><!--ult_price_body_block--><div id=\"price-table-features-wrap-2900\" class=\"ult_price_features ult-responsive\"  data-ultimate-target='#price-table-features-wrap-2900'  data-responsive-json-new='{\"font-size\":\"desktop:14px;\",\"line-height\":\"desktop:28px;\"}'  style=\"font-family:&#039;Merriweather&#039;;font-weight:300;color:#222222;\">\r\n\t\t\t\t\t\t\t<ul>\n<li>Szem\u00e9lyes \u00fcdv\u00f6zlet<\/li>\n<li>20 perc rep\u00fcl\u00e9si id\u0151<\/li>\n<li>Priv\u00e1t helikopter rep\u00fcl\u00e9s (H-120)<\/li>\n<li>\u00c1trep\u00fcl\u00e9s a MARRY ME \u00fczenet felett<\/li>\n<li>Sz\u00ednpomp\u00e1s helyi vir\u00e1gf\u00fcz\u00e9r<\/li>\n<li>Egy \u00fcveg pezsg\u0151t<\/li>\n<li>Priv\u00e1t ret\u00far transzfer<\/li>\n<li>Szolg\u00e1ltat\u00e1si d\u00edj<\/li>\n<li><span style=\"color: #ffffff;\">One bottle of champagne<\/span><\/li>\n<li><span style=\"color: #ffffff;\">Bottled water, local juices and ice<\/span><\/li>\n<li><span style=\"color: #ffffff;\">Bottled water, local juices and ice<\/span><\/li>\n<li><span style=\"color: #ffffff;\">Bottled water, local juices and ice<\/span><\/li>\n<li><span style=\"color: #ffffff;\">Bottled water, local juices and ice<\/span><\/li>\n<\/ul>\n\r\n\t\t\t\t\t\t<\/div><!--ult_price_features--><div id=\"price-table-button-wrap-2763\" class=\"ult_price_link\">\r\n\t\t\t\t\t\t\t<a  data-ultimate-target='#price-table-button-wrap-2763 .ult_price_action_button'  data-responsive-json-new='{\"font-size\":\"desktop:12px;\",\"line-height\":\"desktop:24px;\"}'  href=\"https:\/\/tropicalweddingseychelles.com\/contact\/\"  class=\"ult_price_action_button ult-responsive\" style=\"background:rgba(255,255,255,0.1);color:#333333; font-family:'Merriweather';font-weight:700;color:#c6b297;\">AJ\u00c1NLATOT K\u00c9REK<\/a>\r\n\t\t\t\t\t\t<\/div><!--ult_price_link--><div class=\"ult_clr\"><\/div>\r\n\t\t\t<\/div><!--pricing_table-->\r\n\t\t<\/div><!--pricing_table_wrap-->[\/vc_column][vc_column width=&#8221;1\/3&#8243; css=&#8221;.vc_custom_1522084598400{padding-top: 0px !important;padding-right: 0px !important;padding-bottom: 0px !important;padding-left: 0px !important;border-radius: 5px !important;}&#8221;]<div class=\"ult_pricing_table_wrap ult_design_4  ult-cs-custom   vc_custom_1744128319503\">\r\n\t\t\t\t\t<div class=\"ult_pricing_table \" style=\"background:#ffffff;border-top-color:rgba(255,255,255,0.1);color:#333333;\"><div id=\"price-table-wrap-9160\" class=\"ult_pricing_heading\">\r\n\t\t\t\t\t\t\t<h3 class=\"price-heading ult-responsive cust-headformat\"  data-ultimate-target='#price-table-wrap-9160 .cust-headformat'  data-responsive-json-new='{\"font-size\":\"desktop:20px;\",\"line-height\":\"desktop:34px;\"}'  style=\"font-family:&#039;Playfair Display&#039;;font-weight:700;color:#222222;\">Eljegyz\u00e9s a haj\u00f3n<\/h3><h5 class=\"price-subheading ult-responsive cust-subhead\"  data-ultimate-target='#price-table-wrap-9160 .cust-subhead'  data-responsive-json-new='{\"font-size\":\"desktop:30px;\",\"line-height\":\"desktop:28px;\"}'  style=\"font-family:&#039;WindSong&#039;;font-weight:300;color:#c6b297;\">Romantikus ringat\u00f3z\u00e1s<\/h5><\/div><!--ult_pricing_heading--><div class=\"ult_price_body_block\">\r\n\t\t\t\t\t\t\t<div class=\"ult_price_body\">\r\n\t\t\t\t\t\t\t\t<div id=\"price-table-wrap-8668\"  class=\"ult_price\">\r\n\t\t\t\t\t\t\t\t\t<span  data-ultimate-target='#price-table-wrap-8668 .ult_price_figure'  data-responsive-json-new='{\"font-size\":\"desktop:0px;\",\"line-height\":\"desktop:0px;\"}'  class=\"ult_price_figure ult-responsive\" style=\"font-family:&#039;Merriweather&#039;;font-weight:700;color:#222222;\"><\/span>\r\n\t\t\t\t\t\t\t\t\t<span  data-ultimate-target='#price-table-wrap-8668 .ult_price_term'  data-responsive-json-new='{\"font-size\":\"desktop:14px;\",\"line-height\":\"desktop:28px;\"}'  class=\"ult_price_term ult-responsive\" style=\"font-family:&#039;Playfair Display&#039;;font-weight:700;color:#222222;\">Konzult\u00e1ci\u00f3 \u00e9s magyar nyelv\u0171 helyi asszisztencia<\/span>\r\n\t\t\t\t\t\t\t\t<\/div>\r\n\t\t\t\t\t\t\t<\/div>\r\n\t\t\t\t\t\t<\/div><!--ult_price_body_block--><div id=\"price-table-features-wrap-2538\" class=\"ult_price_features ult-responsive\"  data-ultimate-target='#price-table-features-wrap-2538'  data-responsive-json-new='{\"font-size\":\"desktop:14px;\",\"line-height\":\"desktop:28px;\"}'  style=\"font-family:&#039;Merriweather&#039;;font-weight:300;color:#222222;\">\r\n\t\t\t\t\t\t\t<ul>\n<li>Szem\u00e9lyes \u00fcdv\u00f6zlet<\/li>\n<li>2 \u00f3r\u00e1s priv\u00e1t haj\u00f3\u00fat<\/li>\n<li>Sz\u00ednpomp\u00e1s helyi vir\u00e1gf\u00fcz\u00e9r<\/li>\n<li>Hordozhat\u00f3 bluetooth hangsz\u00f3r\u00f3<\/li>\n<li>Tr\u00f3pusi welcome drink<\/li>\n<li>Helyi csemeg\u00e9k (gy\u00fcm\u00f6lcs\u00f6k \u00e9s snackek)<\/li>\n<li>Egy \u00fcveg pezsg\u0151<\/li>\n<li>Palackozott v\u00edz, helyi gy\u00fcm\u00f6lcslevek<\/li>\n<li>Poharak, t\u00e1ny\u00e9rok \u00e9s ev\u0151eszk\u00f6z\u00f6k<\/li>\n<li>Priv\u00e1t ret\u00far transzfer<\/li>\n<li>Szolg\u00e1ltat\u00e1si d\u00edj<\/li>\n<li><span style=\"color: #ffffff;\">Service fee<\/span><\/li>\n<li><span style=\"color: #ffffff;\">Service fee<\/span><\/li>\n<\/ul>\n\r\n\t\t\t\t\t\t<\/div><!--ult_price_features--><div id=\"price-table-button-wrap-4171\" class=\"ult_price_link\">\r\n\t\t\t\t\t\t\t<a  data-ultimate-target='#price-table-button-wrap-4171 .ult_price_action_button'  data-responsive-json-new='{\"font-size\":\"desktop:12px;\",\"line-height\":\"desktop:24px;\"}'  href=\"https:\/\/tropicalweddingseychelles.com\/contact\/\"  class=\"ult_price_action_button ult-responsive\" style=\"background:rgba(255,255,255,0.1);color:#333333; font-family:'Merriweather';font-weight:700;color:#c6b297;\">AJ\u00c1NLATOT K\u00c9REK<\/a>\r\n\t\t\t\t\t\t<\/div><!--ult_price_link--><div class=\"ult_clr\"><\/div>\r\n\t\t\t<\/div><!--pricing_table-->\r\n\t\t<\/div><!--pricing_table_wrap-->[\/vc_column][\/vc_row][vc_row css=&#8221;.vc_custom_1693480039498{margin-top: 100px !important;margin-bottom: 50px !important;padding-top: 0px !important;padding-bottom: 0px !important;}&#8221;][vc_column width=&#8221;1\/3&#8243;][vc_single_image image=&#8221;6632&#8243; img_size=&#8221;full&#8221; alignment=&#8221;right&#8221; css_animation=&#8221;fadeInLeft&#8221;][\/vc_column][vc_column width=&#8221;2\/3&#8243; css=&#8221;.vc_custom_1517618936505{padding-top: 100px !important;}&#8221;][vc_column_text]<\/p>\n<h6 style=\"text-align: justify;\">Hogyan lehetek biztos abban, hogy a l\u00e1nyk\u00e9r\u00e9s romantikus, eml\u00e9kezetes \u00e9s k\u00fcl\u00f6nleges lesz?<\/h6>\n<p style=\"text-align: justify;\">Mivel tudjuk, hogy nincs k\u00e9t egyforma p\u00e1ros illetve teljes m\u00e9rt\u00e9kben meg\u00e9rtj\u00fck azt is, hogy mindenki saj\u00e1t, egyedi \u00e9s megism\u00e9telhetetlen sztorira v\u00e1gyik, eljegyz\u00e9si aj\u00e1nlataink szem\u00e9lyre szabhat\u00f3ak. Mesterei vagyunk a romantikus pillanatok megteremt\u00e9s\u00e9nek \u00e9s im\u00e1djuk az apr\u00f3nak t\u0171n\u0151, de fontos r\u00e9szleteket; c\u00e9lunk a bens\u0151s\u00e9ges hangulat megteremt\u00e9se, legyen az ak\u00e1r egy romantikus tengerparti piknik, vagy egy priv\u00e1t helikopteres t\u00fara. Tapasztalatunkkal \u00e9s minden r\u00e9szletre kiterjed\u0151 figyelm\u00fcnkkel garant\u00e1ljuk, hogy egy ilyen tr\u00f3pusi l\u00e1nyk\u00e9r\u00e9snek a v\u00e9ge csakis IGEN lehet!<\/p>\n<p>[\/vc_column_text][\/vc_column][\/vc_row]<\/p>\n","protected":false},"excerpt":{"rendered":"<p>[vc_row css=&#8221;.vc_custom_1648496525907{margin-top: 30px !important;margin-bottom: 50px !important;padding-top: 0px !important;padding-bottom: 0px !important;}&#8221;][vc_column width=&#8221;1\/3&#8243;][vc_column_text] Egy kis \u00f3cean, egy kis homok \u00e9s azok a bizonyos var\u00e1zsszavak: [\/vc_column_text][vc_empty_space][vc_column_text] Megtal\u00e1ltad a t\u00f6k\u00e9letes partnert, a gy\u0171r\u0171t is megvetted, majd gondosan el is rejtetted, mivel eredeti akarsz lenni, de m\u00e9gsem akarod t\u00falz\u00e1sba vinni. Csal\u00e1dtagokt\u00f3l vagy bar\u00e1tokt\u00f3l val\u00f3sz\u00edn\u0171leg m\u00e1r t\u00f6bb t\u00f6rt\u00e9netet is hallott\u00e1l a [&hellip;]<\/p>\n","protected":false},"author":1,"featured_media":0,"parent":0,"menu_order":0,"comment_status":"closed","ping_status":"closed","template":"","meta":[],"_links":{"self":[{"href":"https:\/\/tropicalweddingseychelles.com\/hu\/wp-json\/wp\/v2\/pages\/3524"}],"collection":[{"href":"https:\/\/tropicalweddingseychelles.com\/hu\/wp-json\/wp\/v2\/pages"}],"about":[{"href":"https:\/\/tropicalweddingseychelles.com\/hu\/wp-json\/wp\/v2\/types\/page"}],"author":[{"embeddable":true,"href":"https:\/\/tropicalweddingseychelles.com\/hu\/wp-json\/wp\/v2\/users\/1"}],"replies":[{"embeddable":true,"href":"https:\/\/tropicalweddingseychelles.com\/hu\/wp-json\/wp\/v2\/comments?post=3524"}],"version-history":[{"count":60,"href":"https:\/\/tropicalweddingseychelles.com\/hu\/wp-json\/wp\/v2\/pages\/3524\/revisions"}],"predecessor-version":[{"id":6788,"href":"https:\/\/tropicalweddingseychelles.com\/hu\/wp-json\/wp\/v2\/pages\/3524\/revisions\/6788"}],"wp:attachment":[{"href":"https:\/\/tropicalweddingseychelles.com\/hu\/wp-json\/wp\/v2\/media?parent=3524"}],"curies":[{"name":"wp","href":"https:\/\/api.w.org\/{rel}","templated":true}]}}