{"id":3531,"date":"2021-12-22T16:42:56","date_gmt":"2021-12-22T16:42:56","guid":{"rendered":"https:\/\/tropicalweddingseychelles.com\/kapcsolat\/"},"modified":"2022-04-13T06:58:26","modified_gmt":"2022-04-13T06:58:26","slug":"kapcsolat","status":"publish","type":"page","link":"https:\/\/tropicalweddingseychelles.com\/hu\/kapcsolat\/","title":{"rendered":"Kapcsolat"},"content":{"rendered":"<p>[vc_row css=&#8221;.vc_custom_1501629861017{margin-top: 0px !important;margin-bottom: 0px !important;padding-top: 8px !important;padding-bottom: 0px !important;}&#8221;][vc_column width=&#8221;1\/6&#8243;][\/vc_column][vc_column width=&#8221;2\/3&#8243;]<div id=\"ultimate-heading-369969f63ea027df7\" class=\"uvc-heading ult-adjust-bottom-margin ultimate-heading-369969f63ea027df7 uvc-2042 \" data-hspacer=\"image_only\"  data-halign=\"center\" style=\"text-align:center\"><div class=\"uvc-heading-spacer image_only\" style=\"margin-bottom:0px;\"><img src=\"\" class=\"ultimate-headings-icon-image\" alt=\"\" style=\"width:170px\"\/><\/div><div class=\"uvc-main-heading ult-responsive\"  data-ultimate-target='.uvc-heading.ultimate-heading-369969f63ea027df7 h2'  data-responsive-json-new='{\"font-size\":\"desktop:42px;tablet:42px;tablet_portrait:32px;mobile_landscape:22px;mobile:22px;\",\"line-height\":\"desktop:62px;tablet:52px;tablet_portrait:42px;mobile_landscape:32px;mobile:32px;\"}' ><h2 style=\"font-family:&#039;Playfair Display&#039;;font-weight:700;color:#222222;margin-top:20px;margin-bottom:20px;\">L\u00c9PJETEK VEL\u00dcNK KAPCSOLATBA<\/h2><\/div><\/div>[\/vc_column][vc_column width=&#8221;1\/6&#8243;][\/vc_column][\/vc_row][vc_row css=&#8221;.vc_custom_1501631243100{margin-top: 0px !important;margin-bottom: 0px !important;padding-top: 80px !important;padding-bottom: 60px !important;}&#8221;][vc_column width=&#8221;1\/3&#8243;]<div class=\"ult-content-box-container \" >\t<a class=\"ult-content-box-anchor\" href=\"#\" >\t\t<div class=\"ult-content-box\" style=\"box-shadow: px px px px #f7f7f7 none;border-style:solid;border-width:1px;border-radius:0px;border-color:#efefef;padding-top:50px;padding-right:50px;padding-bottom:0px;padding-left:50px;margin-bottom:30px;-webkit-transition: all 300ms ease;-moz-transition: all 300ms ease;-ms-transition: all 300ms ease;-o-transition: all 300ms ease;transition: all 300ms ease;\"  data-hover_bg_color=\"#ffffff\"  data-hover_box_shadow=\"none\"  data-hover_border_color=\"#c6b297\"   data-responsive_margins=\"margin:30px;\"   data-normal_margins=\"margin-bottom:30px;\"   data-border_color=\"#efefef\" ><div class=\"aio-icon-component    style_1\"><div id=\"Info-box-wrap-2136\" class=\"aio-icon-box top-icon\" style=\"\"  ><div class=\"aio-icon-top\"><div class=\"ult-just-icon-wrapper  \"><div class=\"align-icon\" style=\"text-align:center;\">\n<div class=\"aio-icon none \" data-animation=\"fadeInUp\" data-animation-delay=\"03\" style=\"color:#c6b297;font-size:54px;display:inline-block;\">\n\t<i class=\"Evatheme-Icon-Fonts-thin-0539_map_path_navigation_location\"><\/i>\n<\/div><\/div><\/div><\/div><div class=\"aio-icon-header\" ><h3 class=\"aio-icon-title ult-responsive\"  data-ultimate-target='#Info-box-wrap-2136 .aio-icon-title'  data-responsive-json-new='{\"font-size\":\"desktop:18px;tablet:18px;tablet_portrait:16px;mobile_landscape:14px;mobile:14px;\",\"line-height\":\"desktop:28px;tablet:28px;tablet_portrait:26px;mobile_landscape:22px;mobile:22px;\"}'  style=\"font-family:&#039;Playfair Display&#039;;font-weight:700;color:#222222;\">C\u00edm<\/h3><\/div> <!-- header --><div class=\"aio-icon-description ult-responsive\"  data-ultimate-target='#Info-box-wrap-2136 .aio-icon-description'  data-responsive-json-new='{\"font-size\":\"desktop:16px;tablet:16px;tablet_portrait:14px;mobile_landscape:12px;mobile:12px;\",\"line-height\":\"desktop:26px;tablet:26px;tablet_portrait:24px;mobile_landscape:20px;mobile:20px;\"}'  style=\"font-family:&#039;Merriweather&#039;;font-weight:300;color:rgba(34,34,34,0.75);\">Providence, Mahe, Seychelles<\/div> <!-- description --><\/div> <!-- aio-icon-box --><\/div> <!-- aio-icon-component -->\t\t<\/div>\t<\/a><\/div>[\/vc_column][vc_column width=&#8221;1\/3&#8243;]<div class=\"ult-content-box-container \" >\t<a class=\"ult-content-box-anchor\" href=\"#\" >\t\t<div class=\"ult-content-box\" style=\"box-shadow: px px px px #f7f7f7 none;border-style:solid;border-width:1px;border-radius:0px;border-color:#efefef;padding-top:50px;padding-right:50px;padding-bottom:0px;padding-left:50px;margin-bottom:30px;-webkit-transition: all 300ms ease;-moz-transition: all 300ms ease;-ms-transition: all 300ms ease;-o-transition: all 300ms ease;transition: all 300ms ease;\"  data-hover_bg_color=\"#ffffff\"  data-hover_box_shadow=\"none\"  data-hover_border_color=\"#c6b297\"   data-responsive_margins=\"margin:30px;\"   data-normal_margins=\"margin-bottom:30px;\"   data-border_color=\"#efefef\" ><div class=\"aio-icon-component    style_1\"><div id=\"Info-box-wrap-6384\" class=\"aio-icon-box top-icon\" style=\"\"  ><div class=\"aio-icon-top\"><div class=\"ult-just-icon-wrapper  \"><div class=\"align-icon\" style=\"text-align:center;\">\n<div class=\"aio-icon none \" data-animation=\"fadeInUp\" data-animation-delay=\"03\" style=\"color:#c6b297;font-size:54px;display:inline-block;\">\n\t<i class=\"Evatheme-Icon-Fonts-thin-0296_phone_call_contact\"><\/i>\n<\/div><\/div><\/div><\/div><div class=\"aio-icon-header\" ><h3 class=\"aio-icon-title ult-responsive\"  data-ultimate-target='#Info-box-wrap-6384 .aio-icon-title'  data-responsive-json-new='{\"font-size\":\"desktop:18px;tablet:18px;tablet_portrait:16px;mobile_landscape:14px;mobile:14px;\",\"line-height\":\"desktop:28px;tablet:28px;tablet_portrait:26px;mobile_landscape:22px;mobile:22px;\"}'  style=\"font-family:&#039;Playfair Display&#039;;font-weight:700;color:#222222;\">Telefon<\/h3><\/div> <!-- header --><div class=\"aio-icon-description ult-responsive\"  data-ultimate-target='#Info-box-wrap-6384 .aio-icon-description'  data-responsive-json-new='{\"font-size\":\"desktop:16px;tablet:16px;tablet_portrait:14px;mobile_landscape:12px;mobile:12px;\",\"line-height\":\"desktop:26px;tablet:26px;tablet_portrait:24px;mobile_landscape:20px;mobile:20px;\"}'  style=\"font-family:&#039;Merriweather&#039;;font-weight:300;color:rgba(34,34,34,0.75);\">+ 248 2 780 329<\/div> <!-- description --><\/div> <!-- aio-icon-box --><\/div> <!-- aio-icon-component -->\t\t<\/div>\t<\/a><\/div>[\/vc_column][vc_column width=&#8221;1\/3&#8243;]<div class=\"ult-content-box-container \" >\t<a class=\"ult-content-box-anchor\" href=\"#\" >\t\t<div class=\"ult-content-box\" style=\"box-shadow: px px px px #f7f7f7 none;border-style:solid;border-width:1px;border-radius:0px;border-color:#efefef;padding-top:50px;padding-right:50px;padding-bottom:0px;padding-left:50px;margin-bottom:30px;-webkit-transition: all 300ms ease;-moz-transition: all 300ms ease;-ms-transition: all 300ms ease;-o-transition: all 300ms ease;transition: all 300ms ease;\"  data-hover_bg_color=\"#ffffff\"  data-hover_box_shadow=\"none\"  data-hover_border_color=\"#c6b297\"   data-responsive_margins=\"margin:30px;\"   data-normal_margins=\"margin-bottom:30px;\"   data-border_color=\"#efefef\" ><div class=\"aio-icon-component    style_1\"><div id=\"Info-box-wrap-4113\" class=\"aio-icon-box top-icon\" style=\"\"  ><div class=\"aio-icon-top\"><div class=\"ult-just-icon-wrapper  \"><div class=\"align-icon\" style=\"text-align:center;\">\n<div class=\"aio-icon none \" data-animation=\"fadeInUp\" data-animation-delay=\"03\" style=\"color:#c6b297;font-size:54px;display:inline-block;\">\n\t<i class=\"Evatheme-Icon-Fonts-thin-0321_email_mail_post_at\"><\/i>\n<\/div><\/div><\/div><\/div><div class=\"aio-icon-header\" ><h3 class=\"aio-icon-title ult-responsive\"  data-ultimate-target='#Info-box-wrap-4113 .aio-icon-title'  data-responsive-json-new='{\"font-size\":\"desktop:18px;tablet:18px;tablet_portrait:16px;mobile_landscape:14px;mobile:14px;\",\"line-height\":\"desktop:28px;tablet:28px;tablet_portrait:26px;mobile_landscape:22px;mobile:22px;\"}'  style=\"font-family:&#039;Playfair Display&#039;;font-weight:700;color:#222222;\">E-mail<\/h3><\/div> <!-- header --><div class=\"aio-icon-description ult-responsive\"  data-ultimate-target='#Info-box-wrap-4113 .aio-icon-description'  data-responsive-json-new='{\"font-size\":\"desktop:16px;tablet:16px;tablet_portrait:14px;mobile_landscape:12px;mobile:12px;\",\"line-height\":\"desktop:26px;tablet:26px;tablet_portrait:24px;mobile_landscape:20px;mobile:20px;\"}'  style=\"font-family:&#039;Merriweather&#039;;font-weight:300;color:rgba(34,34,34,0.75);\"><a href=\"mailto:info@example.com\">info@tropicalweddingseychelles.com<\/a><\/div> <!-- description --><\/div> <!-- aio-icon-box --><\/div> <!-- aio-icon-component -->\t\t<\/div>\t<\/a><\/div>[\/vc_column][\/vc_row][vc_row css=&#8221;.vc_custom_1501631232268{margin-top: 0px !important;margin-bottom: 0px !important;padding-top: 0px !important;padding-bottom: 120px !important;}&#8221;][vc_column]<div id='wrap_map_69f63ea028101' class='ultimate-map-wrapper ult-adjust-bottom-margin ' style='margin:0px;padding:0px; height:450px;'><div id='map_69f63ea028101' data-map_override='0' class='ultimate_google_map wpb_content_element page_margin_top' style='width:100%;height:450px;'><\/div><\/div><script type='text\/javascript'>\r\n\t\t\t(function($) {\r\n  \t\t\t'use strict';\r\n\t\t\tvar map_map_69f63ea028101 = null;\r\n\t\t\tvar coordinate_map_69f63ea028101;\r\n\t\t\tvar isDraggable = $(document).width() > 641 ? true : true;\r\n\t\t\ttry\r\n\t\t\t{\r\n\t\t\t\tvar map_map_69f63ea028101 = null;\r\n\t\t\t\tvar coordinate_map_69f63ea028101;\r\n\t\t\t\tcoordinate_map_69f63ea028101=new google.maps.LatLng(-4.6513, 55.4839);\r\n\t\t\t\tvar mapOptions=\r\n\t\t\t\t{\r\n\t\t\t\t\tzoom: 17,\r\n\t\t\t\t\tcenter: coordinate_map_69f63ea028101,\r\n\t\t\t\t\tscaleControl: true,\r\n\t\t\t\t\tstreetViewControl: false,\r\n\t\t\t\t\tmapTypeControl: false,\r\n\t\t\t\t\tpanControl: false,\r\n\t\t\t\t\tzoomControl: false,\r\n\t\t\t\t\tscrollwheel: true,\r\n\t\t\t\t\tdraggable: isDraggable,\r\n\t\t\t\t\tzoomControlOptions: {\r\n\t\t\t\t\t\tposition: google.maps.ControlPosition.RIGHT_BOTTOM\r\n\t\t\t\t\t},mapTypeId: google.maps.MapTypeId.ROADMAP,};var map_map_69f63ea028101 = new google.maps.Map(document.getElementById('map_69f63ea028101'),mapOptions);\r\n\t\t\t\t\t\tvar x = 'infowindow_open_value';\r\n\t\t\t\t\t\tvar marker_map_69f63ea028101 = new google.maps.Marker({\r\n\t\t\t\t\t\tposition: new google.maps.LatLng(-4.6513, 55.4839),\r\n\t\t\t\t\t\tanimation:  google.maps.Animation.DROP,\r\n\t\t\t\t\t\tmap: map_map_69f63ea028101,\r\n\t\t\t\t\t\ticon: 'https:\/\/tropicalweddingseychelles.com\/wp-content\/uploads\/2017\/07\/loc.png'\r\n\t\t\t\t\t});\tgoogle.maps.event.addListener(marker_map_69f63ea028101, 'click', toggleBounce);var infowindow = new google.maps.InfoWindow();\r\n\t\t\t\t\t\t\tinfowindow.setContent('<div class=\"map_info_text\" style=\\'color:#000;\\'>Highway Point Building<br \/> Providence, Seychelles, Mahe<\/div>');google.maps.event.addListener(marker_map_69f63ea028101, 'click', function() {\r\n\t\t\t\t\t\t\t\tinfowindow.open(map_map_69f63ea028101,marker_map_69f63ea028101);\r\n\t\t\t\t\t\t  \t});}\r\n\t\t\tcatch(e){};\r\n\t\t\tjQuery(document).ready(function($){\r\n\t\t\t\tgoogle.maps.event.trigger(map_map_69f63ea028101, 'resize');\r\n\t\t\t\t$(window).resize(function(){\r\n\t\t\t\t\tgoogle.maps.event.trigger(map_map_69f63ea028101, 'resize');\r\n\t\t\t\t\tif(map_map_69f63ea028101!=null)\r\n\t\t\t\t\t\tmap_map_69f63ea028101.setCenter(coordinate_map_69f63ea028101);\r\n\t\t\t\t});\r\n\t\t\t\t$('.ui-tabs').bind('tabsactivate', function(event, ui) {\r\n\t\t\t\t   if($(this).find('.ultimate-map-wrapper').length > 0)\r\n\t\t\t\t\t{\r\n\t\t\t\t\t\tsetTimeout(function(){\r\n\t\t\t\t\t\t\t$(window).trigger('resize');\r\n\t\t\t\t\t\t},200);\r\n\t\t\t\t\t}\r\n\t\t\t\t});\r\n\t\t\t\t$('.ui-accordion').bind('accordionactivate', function(event, ui) {\r\n\t\t\t\t   if($(this).find('.ultimate-map-wrapper').length > 0)\r\n\t\t\t\t\t{\r\n\t\t\t\t\t\tsetTimeout(function(){\r\n\t\t\t\t\t\t\t$(window).trigger('resize');\r\n\t\t\t\t\t\t},200);\r\n\t\t\t\t\t}\r\n\t\t\t\t});\r\n\t\t\t\t$(window).on('load',function(){\r\n\t\t\t\t\tsetTimeout(function(){\r\n\t\t\t\t\t\t$(window).trigger('resize');\r\n\t\t\t\t\t},200);\r\n\t\t\t\t});\r\n\t\t\t\t$('.ult_exp_section').select(function(){\r\n\t\t\t\t\tif($(map_map_69f63ea028101).parents('.ult_exp_section'))\r\n\t\t\t\t\t{\r\n\t\t\t\t\t\tsetTimeout(function(){\r\n\t\t\t\t\t\t\t$(window).trigger('resize');\r\n\t\t\t\t\t\t},200);\r\n\t\t\t\t\t}\r\n\t\t\t\t});\r\n\t\t\t\t$(document).on('onUVCModalPopupOpen', function(){\r\n\t\t\t\t\tif($(map_map_69f63ea028101).parents('.ult_modal-content'))\r\n\t\t\t\t\t{\r\n\t\t\t\t\t\tsetTimeout(function(){\r\n\t\t\t\t\t\t\t$(window).trigger('resize');\r\n\t\t\t\t\t\t},200);\r\n\t\t\t\t\t}\r\n\t\t\t\t});\r\n\t\t\t\t$(document).on('click','.ult_tab_li',function(){\r\n\t\t\t\t\t$(window).trigger('resize');\r\n\t\t\t\t\tsetTimeout(function(){\r\n\t\t\t\t\t\t$(window).trigger('resize');\r\n\t\t\t\t\t},200);\r\n\t\t\t\t});\r\n\t\t\t});\r\n\t\t\tfunction toggleBounce() {\r\n\t\t\t  if (marker_map_69f63ea028101.getAnimation() != null) {\r\n\t\t\t\tmarker_map_69f63ea028101.setAnimation(null);\r\n\t\t\t  } else {\r\n\t\t\t\tmarker_map_69f63ea028101.setAnimation(google.maps.Animation.BOUNCE);\r\n\t\t\t  }\r\n\t\t\t}\r\n\t\t\t})(jQuery);\r\n\t\t\t<\/script>[\/vc_column][\/vc_row][vc_row bg_type=&#8221;image&#8221; parallax_style=&#8221;vcpb-vz-jquery&#8221; bg_image_new=&#8221;id^3945|url^https:\/\/tropicalweddingseychelles.com\/wp-content\/uploads\/2022\/01\/contact-tropical-wedding-seychelles.jpg|caption^null|alt^null|title^contact tropical wedding seychelles|description^null&#8221; bg_image_repeat=&#8221;no-repeat&#8221; bg_img_attach=&#8221;fixed&#8221; parallax_sense=&#8221;0&#8243; bg_override=&#8221;full&#8221; css=&#8221;.vc_custom_1644531310864{margin-top: 0px !important;margin-bottom: -80px !important;padding-top: 80px !important;padding-bottom: 110px !important;}&#8221;][vc_column width=&#8221;1\/2&#8243;]<div id=\"ultimate-heading-209469f63ea02813c\" class=\"uvc-heading ult-adjust-bottom-margin ultimate-heading-209469f63ea02813c uvc-4601 \" data-hspacer=\"no_spacer\"  data-halign=\"left\" style=\"text-align:left\"><div class=\"uvc-heading-spacer no_spacer\" style=\"top\"><\/div><div class=\"uvc-main-heading ult-responsive\"  data-ultimate-target='.uvc-heading.ultimate-heading-209469f63ea02813c h2'  data-responsive-json-new='{\"font-size\":\"desktop:18px;\",\"line-height\":\"desktop:32px;\"}' ><h2 style=\"font-family:&#039;Playfair Display&#039;;font-weight:normal;font-style:normal;color:rgba(255,255,255,0.7);margin-bottom:30px;\">K\u00dcLDJ \u00dcZENETET<\/h2><\/div><div class=\"uvc-sub-heading ult-responsive\"  data-ultimate-target='.uvc-heading.ultimate-heading-209469f63ea02813c .uvc-sub-heading '  data-responsive-json-new='{\"font-size\":\"desktop:52px;\",\"line-height\":\"desktop:66px;\"}'  style=\"font-family:&#039;Playfair Display&#039;;font-weight:normal;font-style:normal;color:#ffffff;margin-bottom:60px;\"><\/p>\n<p style=\"text-align: left;\">Nem igaz\u00e1n tudj\u00e1tok, hogyan is kezdjetek<br \/>\nneki a szervez\u00e9snek?<\/p>\n<p><\/div><\/div><div id=\"ultimate-heading-910069f63ea02815f\" class=\"uvc-heading ult-adjust-bottom-margin ultimate-heading-910069f63ea02815f uvc-6819 \" data-hspacer=\"no_spacer\"  data-halign=\"left\" style=\"text-align:left\"><div class=\"uvc-heading-spacer no_spacer\" style=\"top\"><\/div><div class=\"uvc-sub-heading ult-responsive\"  data-ultimate-target='.uvc-heading.ultimate-heading-910069f63ea02815f .uvc-sub-heading '  data-responsive-json-new='{\"font-size\":\"desktop:20px;\",\"line-height\":\"desktop:30px;\"}'  style=\"font-family:&#039;Playfair Display&#039;;font-weight:500;color:#ffffff;margin-bottom:60px;\"><\/p>\n<p style=\"text-align: left;\">Ha k\u00f6r\u00fcln\u00e9ztetek a honlapon \u00e9s az itt l\u00e1tottak felkeltett\u00e9k az \u00e9rdekl\u0151d\u00e9seteket, j\u00f6het a k\u00f6vetkez\u0151 l\u00e9p\u00e9s: \u00e1lmodjatok nagyot \u00e9s engedj\u00e9tek, hogy egy profi csapat megval\u00f3s\u00edtsa azokat a Seychelle-szigeteken.<\/p>\n<p style=\"text-align: left;\">T\u00f6lts\u00e9tek ki az \u0171rlapot, mi pedig a lehet\u0151 legr\u00f6videbb id\u0151n bel\u00fcl v\u00e1laszolunk nektek.<\/p>\n<p><\/div><\/div>[\/vc_column][vc_column width=&#8221;1\/2&#8243;]<div class=\"ult-content-box-container \" >\t\t<div class=\"ult-content-box\" style=\"background-color:#ffffff;box-shadow: px px px px none;padding:50px;-webkit-transition: all 200ms ease;-moz-transition: all 200ms ease;-ms-transition: all 200ms ease;-o-transition: all 200ms ease;transition: all 200ms ease;\"  data-hover_bg_color=\"#ffffff\"  data-hover_box_shadow=\"none\"     data-bg=\"#ffffff\" ><div id=\"ultimate-heading-234169f63ea02825d\" class=\"uvc-heading ult-adjust-bottom-margin ultimate-heading-234169f63ea02825d uvc-2310 \" data-hspacer=\"image_only\"  data-halign=\"center\" style=\"text-align:center\"><div class=\"uvc-heading-spacer image_only\" style=\"margin-bottom:0px;\"><img src=\"https:\/\/tropicalweddingseychelles.com\/wp-content\/uploads\/2022\/03\/separator_tropical-wedding-seychelles.png\" class=\"ultimate-headings-icon-image\" alt=\"null\" style=\"width:170px\"\/><\/div><div class=\"uvc-main-heading ult-responsive\"  data-ultimate-target='.uvc-heading.ultimate-heading-234169f63ea02825d h2'  data-responsive-json-new='{\"font-size\":\"desktop:52px;tablet:42px;tablet_portrait:32px;mobile_landscape:22px;mobile:22px;\",\"line-height\":\"desktop:62px;tablet:52px;tablet_portrait:42px;mobile_landscape:32px;mobile:32px;\"}' ><h2 style=\"font-weight:normal;color:#000000;margin-top:20px;margin-bottom:20px;\">\u00cdrjatok b\u00e1tran<\/h2><\/div><\/div>\n<div class=\"wpcf7 no-js\" id=\"wpcf7-f3785-o1\" lang=\"en-US\" dir=\"ltr\">\n<div class=\"screen-reader-response\"><p role=\"status\" aria-live=\"polite\" aria-atomic=\"true\"><\/p> <ul><\/ul><\/div>\n<form action=\"\/hu\/wp-json\/wp\/v2\/pages\/3531#wpcf7-f3785-o1\" method=\"post\" class=\"wpcf7-form init\" aria-label=\"Contact form\" novalidate=\"novalidate\" data-status=\"init\">\n<div style=\"display: none;\">\n<input type=\"hidden\" name=\"_wpcf7\" value=\"3785\" \/>\n<input type=\"hidden\" name=\"_wpcf7_version\" value=\"5.7.7\" \/>\n<input type=\"hidden\" name=\"_wpcf7_locale\" value=\"en_US\" \/>\n<input type=\"hidden\" name=\"_wpcf7_unit_tag\" value=\"wpcf7-f3785-o1\" \/>\n<input type=\"hidden\" name=\"_wpcf7_container_post\" value=\"0\" \/>\n<input type=\"hidden\" name=\"_wpcf7_posted_data_hash\" value=\"\" \/>\n<\/div>\n<div class=\"cstheme_contactform_type5\">\n\t<p><span class=\"wpcf7-form-control-wrap\" data-name=\"your-name\"><input size=\"40\" class=\"wpcf7-form-control wpcf7-text wpcf7-validates-as-required\" aria-required=\"true\" aria-invalid=\"false\" placeholder=\"N\u00e9v\" value=\"\" type=\"text\" name=\"your-name\" \/><\/span><span class=\"wpcf7-form-control-wrap\" data-name=\"your-email\"><input size=\"40\" class=\"wpcf7-form-control wpcf7-text wpcf7-email wpcf7-validates-as-required wpcf7-validates-as-email\" aria-required=\"true\" aria-invalid=\"false\" placeholder=\"E-mail\" value=\"\" type=\"email\" name=\"your-email\" \/><\/span><span class=\"wpcf7-form-control-wrap\" data-name=\"your-message\"><textarea cols=\"40\" rows=\"10\" class=\"wpcf7-form-control wpcf7-textarea\" aria-invalid=\"false\" placeholder=\"\u00dczenet\" name=\"your-message\"><\/textarea><\/span>\n\t<\/p>\n\t<div class=\"text-center\">\n\t\t<p><input class=\"wpcf7-form-control has-spinner wpcf7-submit\" type=\"submit\" value=\"\u00dczenet k\u00fcld\u00e9se\" \/>\n\t\t<\/p>\n\t<\/div>\n<\/div><div class=\"wpcf7-response-output\" aria-hidden=\"true\"><\/div>\n<\/form>\n<\/div>\n\t\t<\/div><\/div>[\/vc_column][\/vc_row]<\/p>\n","protected":false},"excerpt":{"rendered":"<p>[vc_row css=&#8221;.vc_custom_1501629861017{margin-top: 0px !important;margin-bottom: 0px !important;padding-top: 8px !important;padding-bottom: 0px !important;}&#8221;][vc_column width=&#8221;1\/6&#8243;][\/vc_column][vc_column width=&#8221;2\/3&#8243;][\/vc_column][vc_column width=&#8221;1\/6&#8243;][\/vc_column][\/vc_row][vc_row css=&#8221;.vc_custom_1501631243100{margin-top: 0px !important;margin-bottom: 0px !important;padding-top: 80px !important;padding-bottom: 60px !important;}&#8221;][vc_column width=&#8221;1\/3&#8243;][\/vc_column][vc_column width=&#8221;1\/3&#8243;][\/vc_column][vc_column width=&#8221;1\/3&#8243;][\/vc_column][\/vc_row][vc_row css=&#8221;.vc_custom_1501631232268{margin-top: 0px !important;margin-bottom: 0px !important;padding-top: 0px !important;padding-bottom: 120px !important;}&#8221;][vc_column][\/vc_column][\/vc_row][vc_row bg_type=&#8221;image&#8221; parallax_style=&#8221;vcpb-vz-jquery&#8221; bg_image_new=&#8221;id^3945|url^https:\/\/tropicalweddingseychelles.com\/wp-content\/uploads\/2022\/01\/contact-tropical-wedding-seychelles.jpg|caption^null|alt^null|title^contact tropical wedding seychelles|description^null&#8221; bg_image_repeat=&#8221;no-repeat&#8221; bg_img_attach=&#8221;fixed&#8221; parallax_sense=&#8221;0&#8243; bg_override=&#8221;full&#8221; css=&#8221;.vc_custom_1644531310864{margin-top: 0px !important;margin-bottom: -80px !important;padding-top: 80px !important;padding-bottom: 110px !important;}&#8221;][vc_column width=&#8221;1\/2&#8243;][\/vc_column][vc_column width=&#8221;1\/2&#8243;][\/vc_column][\/vc_row]<\/p>\n","protected":false},"author":1,"featured_media":0,"parent":0,"menu_order":0,"comment_status":"closed","ping_status":"closed","template":"","meta":[],"_links":{"self":[{"href":"https:\/\/tropicalweddingseychelles.com\/hu\/wp-json\/wp\/v2\/pages\/3531"}],"collection":[{"href":"https:\/\/tropicalweddingseychelles.com\/hu\/wp-json\/wp\/v2\/pages"}],"about":[{"href":"https:\/\/tropicalweddingseychelles.com\/hu\/wp-json\/wp\/v2\/types\/page"}],"author":[{"embeddable":true,"href":"https:\/\/tropicalweddingseychelles.com\/hu\/wp-json\/wp\/v2\/users\/1"}],"replies":[{"embeddable":true,"href":"https:\/\/tropicalweddingseychelles.com\/hu\/wp-json\/wp\/v2\/comments?post=3531"}],"version-history":[{"count":20,"href":"https:\/\/tropicalweddingseychelles.com\/hu\/wp-json\/wp\/v2\/pages\/3531\/revisions"}],"predecessor-version":[{"id":5396,"href":"https:\/\/tropicalweddingseychelles.com\/hu\/wp-json\/wp\/v2\/pages\/3531\/revisions\/5396"}],"wp:attachment":[{"href":"https:\/\/tropicalweddingseychelles.com\/hu\/wp-json\/wp\/v2\/media?parent=3531"}],"curies":[{"name":"wp","href":"https:\/\/api.w.org\/{rel}","templated":true}]}}