{"id":3534,"date":"2021-12-22T16:44:24","date_gmt":"2021-12-22T16:44:24","guid":{"rendered":"https:\/\/tropicalweddingseychelles.com\/foglalas\/"},"modified":"2024-01-03T14:57:41","modified_gmt":"2024-01-03T14:57:41","slug":"foglalas","status":"publish","type":"page","link":"https:\/\/tropicalweddingseychelles.com\/hu\/foglalas\/","title":{"rendered":"Foglal\u00e1s"},"content":{"rendered":"<p>[vc_row css=&#8221;.vc_custom_1639141041150{margin-bottom: 0px !important;padding-bottom: 60px !important;}&#8221;][vc_column width=&#8221;1\/2&#8243;]<div id=\"ultimate-heading-708769f63c05215a0\" class=\"uvc-heading ult-adjust-bottom-margin ultimate-heading-708769f63c05215a0 uvc-811 \" data-hspacer=\"image_only\"  data-halign=\"left\" style=\"text-align:left\"><div class=\"uvc-heading-spacer image_only\" style=\"margin-bottom:0px;\"><img src=\"\" class=\"ultimate-headings-icon-image\" alt=\"\" style=\"width:170px\"\/><\/div><div class=\"uvc-main-heading ult-responsive\"  data-ultimate-target='.uvc-heading.ultimate-heading-708769f63c05215a0 h2'  data-responsive-json-new='{\"font-size\":\"desktop:42px;tablet:42px;tablet_portrait:32px;mobile_landscape:22px;mobile:22px;\",\"line-height\":\"desktop:52px;tablet:42px;tablet_portrait:34px;mobile_landscape:30px;mobile:30px;\"}' ><h2 style=\"font-family:&#039;Playfair Display&#039;;font-weight:700;color:#222222;margin-top:20px;margin-bottom:20px;\">HOGYAN ADHATJ\u00c1TOK LE FOGLAL\u00c1SOTOKAT?<\/h2><\/div><\/div>[\/vc_column][vc_column width=&#8221;1\/2&#8243;]<div id=\"ultimate-heading-631469f63c05215d7\" class=\"uvc-heading ult-adjust-bottom-margin ultimate-heading-631469f63c05215d7 uvc-6505 \" data-hspacer=\"no_spacer\"  data-halign=\"left\" style=\"text-align:left\"><div class=\"uvc-heading-spacer no_spacer\" style=\"top\"><\/div><div class=\"uvc-sub-heading ult-responsive\"  data-ultimate-target='.uvc-heading.ultimate-heading-631469f63c05215d7 .uvc-sub-heading '  data-responsive-json-new='{\"font-size\":\"desktop:25px;tablet:16px;tablet_portrait:14px;mobile_landscape:12px;mobile:12px;\",\"line-height\":\"desktop:33px;tablet:26px;tablet_portrait:22px;mobile_landscape:20px;mobile:20px;\"}'  style=\"font-family:&#039;Playfair Display&#039;;font-weight:300;color:rgba(16,13,20,0.76);margin-top:60px;\"><\/p>\n<p style=\"text-align: justify;\">Foglal\u00e1sotokat honlapunkon kereszt\u00fcl tudj\u00e1tok v\u00e9gleges\u00edteni. Amennyiben foglal\u00e1s el\u0151tt b\u00e1rmilyen k\u00e9rd\u00e9setek lenne, \u00edrjatok nek\u00fcnk nyugodtan!<\/p>\n<p><\/div><\/div>[vc_column_text]B\u0151vebb r\u00e9szletek\u00e9rt olvass\u00e1tok el <span style=\"color: #c6b297;\"><a style=\"color: #c6b297;\" href=\"https:\/\/tropicalweddingseychelles.com\/hu\/altalanos-szerzodesi-feltetelek\/\"><em>szerz\u0151d\u00e9si felt\u00e9teleinket<\/em><\/a>,<\/span> illetve tov\u00e1bbi hasznos inform\u00e1ci\u00f3kat is szeretn\u00e9nk veletek megosztani a<span style=\"color: #c6b297;\"><em><a style=\"color: #c6b297;\" href=\"https:\/\/tropicalweddingseychelles.com\/hu\/gyakran-ismetelt-kerdesek\/\"> legn\u00e9pszer\u0171bb k\u00e9rd\u00e9sek<\/a>\u00a0 <\/em><\/span>megv\u00e1laszol\u00e1s\u00e1val.[\/vc_column_text][\/vc_column][\/vc_row][vc_row bg_type=&#8221;image&#8221; parallax_style=&#8221;vcpb-vz-jquery&#8221; bg_image_new=&#8221;id^3896|url^https:\/\/tropicalweddingseychelles.com\/wp-content\/uploads\/2022\/01\/reservation-tropical-seychelles-wedding.jpg|caption^null|alt^null|title^reservation tropical seychelles wedding|description^null&#8221; bg_image_repeat=&#8221;no-repeat&#8221; parallax_sense=&#8221;20&#8243; bg_override=&#8221;full&#8221; css=&#8221;.vc_custom_1644531241686{margin-top: 0px !important;margin-bottom: 0px !important;padding-top: 150px !important;padding-bottom: 150px !important;}&#8221;][vc_column]<div class=\"ult-content-box-container \" >\t\t<div class=\"ult-content-box\" style=\"background-color:#ffffff;box-shadow: px px px px none;padding-top:80px;padding-right:80px;padding-bottom:20px;padding-left:80px;-webkit-transition: all 700ms ease;-moz-transition: all 700ms ease;-ms-transition: all 700ms ease;-o-transition: all 700ms ease;transition: all 700ms ease;\"  data-hover_bg_color=\"#ffffff\"  data-hover_box_shadow=\"none\"     data-bg=\"#ffffff\" >[vc_row_inner][vc_column_inner width=&#8221;1\/3&#8243;][vc_column_text]<\/p>\n<h5><span style=\"color: #c6b297;\"><strong>A T\u00d6RT\u00c9NETET<br \/>\nTI \u00cdRJ\u00c1TOK A MEGVAL\u00d3S\u00cdT\u00c1S\u00c9RT MI FELEL\u00dcNK<\/strong><\/span><\/h5>\n<p style=\"text-align: left;\">Ahhoz, hogy biztos\u00edtani tudjuk az \u00e1ltalatok v\u00e1lasztott d\u00e1tumot \u00e9s elkezdj\u00fck a cerem\u00f3nia tervez\u00e9si \u00e9s szervez\u00e9si folyamat\u00e1t a foglal\u00e1s v\u00e9gleges\u00edt\u00e9s\u00e9hez el\u0151leg fizet\u00e9se sz\u00fcks\u00e9ges. A foglal\u00e1s be\u00e9rkez\u00e9se<br \/>\nut\u00e1n 24 \u00f3r\u00e1n bel\u00fcl elk\u00fcldj\u00fck a v\u00e9gleges\u00edt\u00e9s\u00e9hez sz\u00fcks\u00e9ges<br \/>\nd\u00edjbek\u00e9r\u0151t a megadott email c\u00edmre.<\/p>\n<p>[\/vc_column_text][\/vc_column_inner][vc_column_inner width=&#8221;1\/3&#8243;][vc_column_text]Az el\u0151leg be\u00e9rkez\u00e9s\u00e9t k\u00f6vet\u0151en szem\u00e9lyre szabott visszaigazol\u00e1st fogtok kapni foglal\u00e1sotokr\u00f3l, illetve teljes k\u00f6r\u0171 t\u00e1j\u00e9koztat\u00e1st a tov\u00e1bbi l\u00e9p\u00e9sekkel kapcsolatosan a megadott email c\u00edmre.<\/p>\n<p>A design, a kreat\u00edv koncepci\u00f3 \u00e9s a<br \/>\nfinom r\u00e9szletek \u00f6sszehangol\u00e1sa,<br \/>\nvalamint szem\u00e9lyre szab\u00e1sa<br \/>\nkiemelt szerepet kap n\u00e1lunk, \u00e9ppen ez\u00e9rt az alap kiv\u00e1lasztott csomagon<br \/>\nt\u00fal, kieg\u00e9sz\u00edt\u0151 szolg\u00e1ltat\u00e1saink k\u00f6z\u00fcl<br \/>\nis van lehet\u0151s\u00e9getek v\u00e1lasztani.[\/vc_column_text][\/vc_column_inner][vc_column_inner width=&#8221;1\/3&#8243;][vc_column_text]<\/p>\n<h6>Az cerem\u00f3nia helysz\u00edn\u00e9t biztos\u00edt\u00f3 \u00f3ce\u00e1n partok legt\u00f6bbje h\u00e9tv\u00e9g\u00e9n a helyi lakosok k\u00f6r\u00e9ben is nagyon n\u00e9pszer\u0171ek, amennyiben fontos sz\u00e1motokra a meghitt \u00e9s priv\u00e1t l\u00e9gk\u00f6r azt javasoljuk, hogy a kiv\u00e1lasztott nap mindenk\u00e9ppen h\u00e9tk\u00f6znapra essen.<\/h6>\n<p>[\/vc_column_text][\/vc_column_inner][\/vc_row_inner]\t\t<\/div><\/div>[\/vc_column][\/vc_row][vc_row css=&#8221;.vc_custom_1648497407028{margin-top: 0px !important;margin-bottom: 0px !important;padding-top: 50px !important;padding-bottom: 0px !important;}&#8221;][vc_column width=&#8221;1\/6&#8243;][\/vc_column][vc_column width=&#8221;4\/6&#8243;]<div id=\"ultimate-heading-12569f63c0521638\" class=\"uvc-heading ult-adjust-bottom-margin ultimate-heading-12569f63c0521638 uvc-9767 \" data-hspacer=\"image_only\"  data-halign=\"center\" style=\"text-align:center\"><div class=\"uvc-heading-spacer image_only\" style=\"margin-bottom:0px;\"><img src=\"\" class=\"ultimate-headings-icon-image\" alt=\"\" style=\"width:170px\"\/><\/div><div class=\"uvc-main-heading ult-responsive\"  data-ultimate-target='.uvc-heading.ultimate-heading-12569f63c0521638 h2'  data-responsive-json-new='{\"font-size\":\"desktop:42px;tablet:34px;tablet_portrait:32px;mobile_landscape:22px;mobile:22px;\",\"line-height\":\"desktop:52px;tablet:48px;tablet_portrait:42px;mobile_landscape:32px;mobile:32px;\"}' ><h2 style=\"font-family:&#039;Playfair Display&#039;;font-weight:700;color:#222222;margin-top:20px;margin-bottom:20px;\">ADJ\u00c1TOK LE FOGLAL\u00c1SOTOKAT<\/h2><\/div><div class=\"uvc-sub-heading ult-responsive\"  data-ultimate-target='.uvc-heading.ultimate-heading-12569f63c0521638 .uvc-sub-heading '  data-responsive-json-new='{\"font-size\":\"desktop:16px;tablet:16px;tablet_portrait:16px;mobile_landscape:14px;mobile:14px;\",\"line-height\":\"desktop:28px;tablet:28px;tablet_portrait:28px;mobile_landscape:22px;mobile:22px;\"}'  style=\"font-family:&#039;Merriweather&#039;;font-weight:300;color:#222222;margin-bottom:20px;\"><\/p>\n<p style=\"text-align: center;\">Ehhez nem kell m\u00e1st tennetek, csak kit\u00f6lteni az alul tal\u00e1lhat\u00f3 \u0171rlapunkat.<br \/>\nK\u00e9rlek, figyeljetek r\u00e1, hogy az adatok pontosan legyenek megadva.<\/p>\n<p><\/div><\/div>[\/vc_column][vc_column width=&#8221;1\/6&#8243;][\/vc_column][\/vc_row][vc_row css=&#8221;.vc_custom_1521723308796{margin-top: 0px !important;margin-bottom: 0px !important;padding-top: 20px !important;padding-bottom: 80px !important;}&#8221;][vc_column width=&#8221;1\/6&#8243;][\/vc_column][vc_column width=&#8221;4\/6&#8243;]<div class=\"ult-content-box-container \" >\t\t<div class=\"ult-content-box\" style=\"background-color:#ffffff;box-shadow: px px px px #f7f7f7 none;border-style:solid;border-width:2px;border-radius:0px;border-color:#c6b297;padding-top:60px;padding-right:60px;padding-bottom:60px;padding-left:60px;-webkit-transition: all 300ms ease;-moz-transition: all 300ms ease;-ms-transition: all 300ms ease;-o-transition: all 300ms ease;transition: all 300ms ease;\"  data-hover_bg_color=\"#ffffff\"  data-hover_box_shadow=\"none\"  data-hover_border_color=\"#c6b297\"   data-responsive_margins=\"margin:0px;\"    data-bg=\"#ffffff\"  data-border_color=\"#c6b297\" >\n<div class=\"wpcf7 no-js\" id=\"wpcf7-f3790-o1\" lang=\"en-US\" dir=\"ltr\">\n<div class=\"screen-reader-response\"><p role=\"status\" aria-live=\"polite\" aria-atomic=\"true\"><\/p> <ul><\/ul><\/div>\n<form action=\"\/hu\/wp-json\/wp\/v2\/pages\/3534#wpcf7-f3790-o1\" method=\"post\" class=\"wpcf7-form init\" aria-label=\"Contact form\" novalidate=\"novalidate\" data-status=\"init\">\n<div style=\"display: none;\">\n<input type=\"hidden\" name=\"_wpcf7\" value=\"3790\" \/>\n<input type=\"hidden\" name=\"_wpcf7_version\" value=\"5.7.7\" \/>\n<input type=\"hidden\" name=\"_wpcf7_locale\" value=\"en_US\" \/>\n<input type=\"hidden\" name=\"_wpcf7_unit_tag\" value=\"wpcf7-f3790-o1\" \/>\n<input type=\"hidden\" name=\"_wpcf7_container_post\" value=\"0\" \/>\n<input type=\"hidden\" name=\"_wpcf7_posted_data_hash\" value=\"\" \/>\n<\/div>\n<div class=\"text-center\">\n\t<p>SZEM\u00c9LYES ADATOK\n\t<\/p>\n<\/div>\n<div class=\"cstheme_contactform_type5\">\n\t<div class=\"row\">\n\t\t<p><span class=\"wpcf7-form-control-wrap\" data-name=\"your-name\"><input size=\"40\" class=\"wpcf7-form-control wpcf7-text wpcf7-validates-as-required\" aria-required=\"true\" aria-invalid=\"false\" placeholder=\"TELJES N\u00c9V\" value=\"\" type=\"text\" name=\"your-name\" \/><\/span>\n\t\t<\/p>\n\t<\/div>\n\t<div class=\"row\">\n\t\t<p><span class=\"wpcf7-form-control-wrap\" data-name=\"your-partner\"><input size=\"40\" class=\"wpcf7-form-control wpcf7-text wpcf7-validates-as-required\" aria-required=\"true\" aria-invalid=\"false\" placeholder=\"P\u00c1ROD TELJES NEVE\" value=\"\" type=\"text\" name=\"your-partner\" \/><\/span>\n\t\t<\/p>\n\t<\/div>\n\t<div class=\"row\">\n\t\t<p><span class=\"wpcf7-form-control-wrap\" data-name=\"your-email\"><input size=\"40\" class=\"wpcf7-form-control wpcf7-text wpcf7-email wpcf7-validates-as-required wpcf7-validates-as-email\" aria-required=\"true\" aria-invalid=\"false\" placeholder=\"E-MAIL C\u00cdM\" value=\"\" type=\"email\" name=\"your-email\" \/><\/span>\n\t\t<\/p>\n\t<\/div>\n\t<div class=\"row\">\n\t\t<p><span class=\"wpcf7-form-control-wrap\" data-name=\"your-address\"><input size=\"40\" class=\"wpcf7-form-control wpcf7-text wpcf7-validates-as-required\" aria-required=\"true\" aria-invalid=\"false\" placeholder=\"LAKC\u00cdM\" value=\"\" type=\"text\" name=\"your-address\" \/><\/span>\n\t\t<\/p>\n\t<\/div>\n\t<div class=\"row\">\n\t\t<p><span class=\"wpcf7-form-control-wrap\" data-name=\"your-phone\"><input size=\"40\" class=\"wpcf7-form-control wpcf7-text wpcf7-validates-as-required\" aria-required=\"true\" aria-invalid=\"false\" placeholder=\"TELEFONSZ\u00c1M\" value=\"\" type=\"text\" name=\"your-phone\" \/><\/span>\n\t\t<\/p>\n\t<\/div>\n\t<div class=\"text-center\">\n\t\t<p>CEREM\u00d3NIA ADATOK\n\t\t<\/p>\n\t<\/div>\n\t<div class=\"row\">\n\t\t<p><span class=\"wpcf7-form-control-wrap\" data-name=\"event\"><select class=\"wpcf7-form-control wpcf7-select wpcf7-validates-as-required\" aria-required=\"true\" aria-invalid=\"false\" name=\"event\"><option value=\"CEREM\u00d3NIA\">CEREM\u00d3NIA<\/option><option value=\"ELJEGYZ\u00c9S\">ELJEGYZ\u00c9S<\/option><option value=\"ESK\u00dcV\u0150\">ESK\u00dcV\u0150<\/option><option value=\"FOGADALOM MEGER\u0150S\u00cdT\u00c9S\">FOGADALOM MEGER\u0150S\u00cdT\u00c9S<\/option><\/select><\/span>\n\t\t<\/p>\n\t<\/div>\n\t<div class=\"row\">\n\t\t<p><span class=\"wpcf7-form-control-wrap\" data-name=\"island\"><select class=\"wpcf7-form-control wpcf7-select wpcf7-validates-as-required\" aria-required=\"true\" aria-invalid=\"false\" name=\"island\"><option value=\"SZIGET\">SZIGET<\/option><option value=\"Mahe\">Mahe<\/option><option value=\"Praslin\">Praslin<\/option><option value=\"La Digue\">La Digue<\/option><\/select><\/span>\n\t\t<\/p>\n\t<\/div>\n\t<div class=\"row\">\n\t\t<p><span class=\"wpcf7-form-control-wrap\" data-name=\"book\"><input size=\"40\" class=\"wpcf7-form-control wpcf7-text wpcf7-validates-as-required walcf7-datepicker\" aria-required=\"true\" aria-invalid=\"false\" placeholder=\"D\u00e1tum\" value=\"\" type=\"text\" name=\"book\" \/><\/span>\n\t\t<\/p>\n\t<\/div>\n\t<div class=\"row\">\n\t\t<p><span class=\"wpcf7-form-control-wrap\" data-name=\"your-accommodation\"><input size=\"40\" class=\"wpcf7-form-control wpcf7-text\" aria-invalid=\"false\" placeholder=\"SZ\u00c1LL\u00c1S NEVE (HA TUDOD)\" value=\"\" type=\"text\" name=\"your-accommodation\" \/><\/span>\n\t\t<\/p>\n\t<\/div>\n\t<div class=\"row\">\n\t\t<p><span class=\"wpcf7-form-control-wrap\" data-name=\"feedback\"><select class=\"wpcf7-form-control wpcf7-select\" aria-invalid=\"false\" name=\"feedback\"><option value=\"HONNAN HALLOTT\u00c1L R\u00d3LUNK?\">HONNAN HALLOTT\u00c1L R\u00d3LUNK?<\/option><option value=\"Website\">Website<\/option><option value=\"Google\">Google<\/option><option value=\"Instagram\">Instagram<\/option><option value=\"Trip Advisor\">Trip Advisor<\/option><\/select><\/span>\n\t\t<\/p>\n\t<\/div>\n\t<div class=\"row\">\n\t\t<p><span class=\"wpcf7-form-control-wrap\" data-name=\"terms\"><select class=\"wpcf7-form-control wpcf7-select wpcf7-validates-as-required\" aria-required=\"true\" aria-invalid=\"false\" name=\"terms\"><option value=\"K\u00c9RLEK V\u00c1LASSZ\">K\u00c9RLEK V\u00c1LASSZ<\/option><option value=\"\u00c1SZF-t MEGISMERTEM, MEG\u00c9RTETTEM \u00c9S ELFOGADOM\">\u00c1SZF-t MEGISMERTEM, MEG\u00c9RTETTEM \u00c9S ELFOGADOM<\/option><\/select><\/span>\n\t\t<\/p>\n\t<\/div>\n\t<div class=\"text-center\">\n\t\t<p><input class=\"wpcf7-form-control has-spinner wpcf7-submit\" type=\"submit\" value=\"FOGLAL\u00c1S ELK\u00dcLD\u00c9SE\" \/>\n\t\t<\/p>\n\t<\/div>\n<\/div><div class=\"wpcf7-response-output\" aria-hidden=\"true\"><\/div>\n<\/form>\n<\/div>\n\t\t<\/div><\/div>[\/vc_column][vc_column width=&#8221;1\/6&#8243;][\/vc_column][\/vc_row]<\/p>\n","protected":false},"excerpt":{"rendered":"<p>[vc_row css=&#8221;.vc_custom_1639141041150{margin-bottom: 0px !important;padding-bottom: 60px !important;}&#8221;][vc_column width=&#8221;1\/2&#8243;][\/vc_column][vc_column width=&#8221;1\/2&#8243;][vc_column_text]B\u0151vebb r\u00e9szletek\u00e9rt olvass\u00e1tok el szerz\u0151d\u00e9si felt\u00e9teleinket, illetve tov\u00e1bbi hasznos inform\u00e1ci\u00f3kat is szeretn\u00e9nk veletek megosztani a legn\u00e9pszer\u0171bb k\u00e9rd\u00e9sek\u00a0 megv\u00e1laszol\u00e1s\u00e1val.[\/vc_column_text][\/vc_column][\/vc_row][vc_row bg_type=&#8221;image&#8221; parallax_style=&#8221;vcpb-vz-jquery&#8221; bg_image_new=&#8221;id^3896|url^https:\/\/tropicalweddingseychelles.com\/wp-content\/uploads\/2022\/01\/reservation-tropical-seychelles-wedding.jpg|caption^null|alt^null|title^reservation tropical seychelles wedding|description^null&#8221; bg_image_repeat=&#8221;no-repeat&#8221; parallax_sense=&#8221;20&#8243; bg_override=&#8221;full&#8221; css=&#8221;.vc_custom_1644531241686{margin-top: 0px !important;margin-bottom: 0px !important;padding-top: 150px !important;padding-bottom: 150px !important;}&#8221;][vc_column][\/vc_column][\/vc_row][vc_row css=&#8221;.vc_custom_1648497407028{margin-top: 0px !important;margin-bottom: 0px !important;padding-top: 50px !important;padding-bottom: 0px !important;}&#8221;][vc_column width=&#8221;1\/6&#8243;][\/vc_column][vc_column width=&#8221;4\/6&#8243;][\/vc_column][vc_column width=&#8221;1\/6&#8243;][\/vc_column][\/vc_row][vc_row [&hellip;]<\/p>\n","protected":false},"author":1,"featured_media":0,"parent":0,"menu_order":0,"comment_status":"closed","ping_status":"closed","template":"","meta":[],"_links":{"self":[{"href":"https:\/\/tropicalweddingseychelles.com\/hu\/wp-json\/wp\/v2\/pages\/3534"}],"collection":[{"href":"https:\/\/tropicalweddingseychelles.com\/hu\/wp-json\/wp\/v2\/pages"}],"about":[{"href":"https:\/\/tropicalweddingseychelles.com\/hu\/wp-json\/wp\/v2\/types\/page"}],"author":[{"embeddable":true,"href":"https:\/\/tropicalweddingseychelles.com\/hu\/wp-json\/wp\/v2\/users\/1"}],"replies":[{"embeddable":true,"href":"https:\/\/tropicalweddingseychelles.com\/hu\/wp-json\/wp\/v2\/comments?post=3534"}],"version-history":[{"count":45,"href":"https:\/\/tropicalweddingseychelles.com\/hu\/wp-json\/wp\/v2\/pages\/3534\/revisions"}],"predecessor-version":[{"id":6697,"href":"https:\/\/tropicalweddingseychelles.com\/hu\/wp-json\/wp\/v2\/pages\/3534\/revisions\/6697"}],"wp:attachment":[{"href":"https:\/\/tropicalweddingseychelles.com\/hu\/wp-json\/wp\/v2\/media?parent=3534"}],"curies":[{"name":"wp","href":"https:\/\/api.w.org\/{rel}","templated":true}]}}