{"id":3799,"date":"2022-01-10T18:52:06","date_gmt":"2022-01-10T18:52:06","guid":{"rendered":"https:\/\/tropicalweddingseychelles.com\/gyakran-ismetelt-kerdesek\/"},"modified":"2025-04-08T16:36:19","modified_gmt":"2025-04-08T16:36:19","slug":"gyakran-ismetelt-kerdesek","status":"publish","type":"page","link":"https:\/\/tropicalweddingseychelles.com\/hu\/gyakran-ismetelt-kerdesek\/","title":{"rendered":"Gyakran ism\u00e9telt k\u00e9rd\u00e9sek"},"content":{"rendered":"<p>[vc_row css=&#8221;.vc_custom_1517594843251{margin-top: 0px !important;margin-bottom: 0px !important;padding-top: 80px !important;padding-bottom: 80px !important;}&#8221;][vc_column width=&#8221;1\/2&#8243;]<div id=\"ultimate-heading-959769f64c88a0766\" class=\"uvc-heading ult-adjust-bottom-margin ultimate-heading-959769f64c88a0766 uvc-1936 \" data-hspacer=\"image_only\"  data-halign=\"left\" style=\"text-align:left\"><div class=\"uvc-heading-spacer image_only\" style=\"margin-bottom:0px;\"><img src=\"https:\/\/tropicalweddingseychelles.com\/wp-content\/uploads\/2022\/03\/separator_tropical-wedding-seychelles.png\" class=\"ultimate-headings-icon-image\" alt=\"null\" style=\"width:170px\"\/><\/div><div class=\"uvc-main-heading ult-responsive\"  data-ultimate-target='.uvc-heading.ultimate-heading-959769f64c88a0766 h2'  data-responsive-json-new='{\"font-size\":\"desktop:45px;tablet:32px;tablet_portrait:24px;mobile_landscape:20px;mobile:20px;\",\"line-height\":\"desktop:52px;tablet:42px;tablet_portrait:34px;mobile_landscape:30px;mobile:30px;\"}' ><h2 style=\"font-family:&#039;Playfair Display&#039;;font-weight:700;color:#222222;margin-top:20px;margin-bottom:20px;\">K\u00e9rdezzetek \u00e9s felel\u00fcnk<\/h2><\/div><div class=\"uvc-sub-heading ult-responsive\"  data-ultimate-target='.uvc-heading.ultimate-heading-959769f64c88a0766 .uvc-sub-heading '  data-responsive-json-new='{\"font-size\":\"desktop:18px;tablet:18px;tablet_portrait:16px;mobile_landscape:14px;mobile:14px;\",\"line-height\":\"desktop:28px;tablet:28px;tablet_portrait:26px;mobile_landscape:22px;mobile:22px;\"}'  style=\"font-family:&#039;Merriweather&#039;;font-weight:300;color:#222222;margin-bottom:20px;\">A leggyakrabban felmer\u00fcl\u0151 k\u00e9rd\u00e9sek a l\u00e1nyk\u00e9r\u00e9sr\u0151l, az<br \/>\nesk\u00fcv\u0151r\u0151l illetve a fogadalom meger\u0151s\u00edt\u0151 cerem\u00f3ni\u00e1r\u00f3l<br \/>\na Seychelle-szigeteken.<\/div><\/div>[\/vc_column][vc_column width=&#8221;1\/2&#8243;]<div id=\"ultimate-heading-883469f64c88a079a\" class=\"uvc-heading ult-adjust-bottom-margin ultimate-heading-883469f64c88a079a uvc-611 \" data-hspacer=\"no_spacer\"  data-halign=\"left\" style=\"text-align:left\"><div class=\"uvc-heading-spacer no_spacer\" style=\"top\"><\/div><div class=\"uvc-sub-heading ult-responsive\"  data-ultimate-target='.uvc-heading.ultimate-heading-883469f64c88a079a .uvc-sub-heading '  data-responsive-json-new='{\"font-size\":\"desktop:16px;tablet:16px;tablet_portrait:14px;mobile_landscape:12px;mobile:12px;\",\"line-height\":\"desktop:26px;tablet:26px;tablet_portrait:22px;mobile_landscape:20px;mobile:20px;\"}'  style=\"font-weight:300;color:#545454;margin-top:60px;\"><\/p>\n<p style=\"text-align: justify;\">Legyen sz\u00f3 ak\u00e1r eljegyz\u00e9sr\u0151l, ak\u00e1r esk\u00fcv\u0151r\u0151l a pontos \u00e9s megb\u00edzhat\u00f3 szervez\u00e9s mellett k\u00fcl\u00f6n\u00f6s hangs\u00falyt fektet\u00fcnk a romantika hangulat\u00e1nak egyedi, \u00e9s kreat\u00edv kialak\u00edt\u00e1s\u00e1ra. A tr\u00f3pusi cerem\u00f3ni\u00e1k szervez\u00e9s\u00e9n t\u00fal, szigetfelfedez\u0151 programjaink t\u00f6k\u00e9letes lehet\u0151s\u00e9get biztos\u00edtanak mindenki sz\u00e1m\u00e1ra, akik izgalmas \u00e9lm\u00e9nyeken kereszt\u00fcl a kitaposott \u00f6sv\u00e9nyekr\u0151l let\u00e9rve fedezn\u00e9 fel azokat a rejtett kincseket, amelyekr\u0151l az \u00fatik\u00f6nyvek is csak ritk\u00e1n tesznek eml\u00edt\u00e9st.<\/p>\n<p><\/div><\/div>[\/vc_column][\/vc_row][vc_row css=&#8221;.vc_custom_1517594824067{padding-top: 0px !important;padding-bottom: 0px !important;}&#8221;][vc_column][vc_separator][\/vc_column][\/vc_row][vc_row][vc_column][vc_column_text]<\/p>\n<p style=\"text-align: justify;\"><strong><span style=\"color: #c6b297;\">HOL TAL\u00c1LHAT\u00d3 AZ IROD\u00c1TOK?<\/span><\/strong><br \/>\nSz\u00e9khely\u00fcnk \u00e9s irod\u00e1nk is a Seychelle-szigeteken tal\u00e1lhat\u00f3, mind\u00f6ssze 5 percre a nemzetk\u00f6zi rep\u00fcl\u0151t\u00e9rt\u0151l.<\/p>\n<p style=\"text-align: justify;\"><strong><span style=\"color: #c6b297;\">PROFI KEZEKBEM LESZ\u00dcNK?<\/span><\/strong><br \/>\nTerm\u00e9szetesen! Csapatunk minden tagja magasan k\u00e9pzett az esk\u00fcv\u0151 \u2013 rendezv\u00e9ny illetve a programszervez\u00e9s ter\u00fclet\u00e9n is. Professzion\u00e1lis szervez\u00e9ssel \u00e9s kifog\u00e1stalan etikus magatart\u00e1ssal dolgozunk, b\u00fcszk\u00e9k vagyunk r\u00e1, hogy a t\u00f6k\u00e9letess\u00e9gen k\u00edv\u00fcl sosem ny\u00fajtunk kevesebbet.<\/p>\n<p style=\"text-align: justify;\"><strong><span style=\"color: #c6b297;\">ELNYERT\u00c9TEK A SZIMP\u00c1TI\u00c1NKAT. HOGYAN TOV\u00c1BB?<\/span><\/strong><br \/>\nAhhoz, hogy biztos\u00edtani tudjuk az \u00e1ltalatok v\u00e1lasztott d\u00e1tumot \u00e9s elkezdj\u00fck a cerem\u00f3nia tervez\u00e9si \u00e9s szervez\u00e9si folyamat\u00e1t a foglal\u00e1s v\u00e9gleges\u00edt\u00e9s\u00e9hez el\u0151leg fizet\u00e9se sz\u00fcks\u00e9ges.<\/p>\n<p style=\"text-align: justify;\"><strong><span style=\"color: #c6b297;\">HOGY M\u0170K\u00d6DIK A FIZET\u00c9S?<\/span><\/strong><br \/>\nA fizet\u00e9s banki \u00e1tutal\u00e1ssal vagy interneten kereszt\u00fcli bankk\u00e1rty\u00e1s fizet\u00e9ssel \u2013 az el\u0151leg bek\u00e9r\u0151 alapj\u00e1n t\u00f6rt\u00e9nik \u2013 amelyet minden esetben email-ben k\u00fcld\u00fcnk a foglal\u00e1s lead\u00e1s\u00e1t k\u00f6vet\u0151en. Fizet\u00e9s eur\u00f3ban vagy a d\u00edjbek\u00e9r\u0151 ki\u00e1ll\u00edt\u00e1s\u00e1nak napj\u00e1n az MNB \u00e1ltal k\u00f6zz\u00e9tett hivatalos deviza k\u00f6z\u00e9p\u00e1rfolyam\u00e1n forintban is lehets\u00e9ges. Szeretn\u00e9k felh\u00edvni a figyelmedet arra, hogy a harmadik f\u00e9lt\u0151l esetlegesen felmer\u00fcl\u0151 fizet\u00e9si tranzakci\u00f3s d\u00edjak nem szerepelnek a csomag \u00e1r\u00e1ban.<\/p>\n<p style=\"text-align: justify;\"><strong><span style=\"color: #c6b297;\">ELJEGYZ\u00c9S \u00c9S L\u00c1NYK\u00c9R\u00c9S: TUDTOK SEGITENI, MIT\u0150L LESZ T\u00d6K\u00c9LETES?<\/span><\/strong><br \/>\nEgy felm\u00e9r\u00e9s szerint a n\u0151k h\u00e1romnegyede el\u00e9gedetlen azzal, ahogyan a p\u00e1rja megk\u00e9rte a kez\u00e9t. \u00dagy \u00e9rzik, akkor fontosak j\u00f6vend\u0151belij\u00fcknek, ha az kitesz mag\u00e1\u00e9rt, ha min\u00e9l k\u00fcl\u00f6nlegesebb \u00e9s romantikusabb m\u00f3dj\u00e1t eszeli ki k\u00f6r\u00edt\u00e9sk\u00e9nt a \u201ehozz\u00e1m j\u00f6ssz feles\u00e9g\u00fcl?\u201d k\u00e9rd\u00e9snek. Igen, egy k\u00fcl\u00f6nleges l\u00e1nyk\u00e9r\u00e9s megszervez\u00e9se ig\u00e9nyel n\u00e9mi el\u0151zetes tervez\u00e9st, \u00e9s gyakran a leend\u0151 v\u0151leg\u00e9nynek komoly fejt\u00f6r\u00e9st okoz, hogyan is tehetn\u00e9 igaz\u00e1n k\u00fcl\u00f6nlegess\u00e9 ezt a pillanatot. \u00cdgy, ha profi szervez\u0151re b\u00edzn\u00e1d az eljegyz\u00e9s megszervez\u00e9s\u00e9t, akkor \u00e1llunk rendelkez\u00e9sedre, vel\u00fcnk minden bizonnyal siker\u00fcl eml\u00e9kezetess\u00e9 var\u00e1zsolni a szerelmi vallom\u00e1sodat. Csapatunk minden tagja elk\u00f6telezett h\u00edve \u00e9s t\u00e1mogat\u00f3ja a romantikus pillanatok megteremt\u00e9s\u00e9nek \u00e9s \u00fagy gondoljuk, csakis sz\u00edvvel-l\u00e9lekkel lehet \u00e9letre sz\u00f3l\u00f3 \u00e9lm\u00e9nyeket adni.<\/p>\n<p style=\"text-align: justify;\"><strong><span style=\"color: #c6b297;\">MIT TUDHATUNK A FOGADALOM MEGER\u0150S\u00cdT\u0150 CEREM\u00d3NI\u00c1R\u00d3L?<\/span><\/strong><br \/>\nA hivatalos esk\u00fcv\u0151i szertat\u00e1s szervez\u00e9s\u00e9n t\u00fal, azokra a p\u00e1rokra is gondoltunk, akik egy szimbolikus cerem\u00f3nia keret\u00e9ben a m\u00e1r kor\u00e1bban k\u00f6t\u00f6tt h\u00e1zass\u00e1gi fogadalmukat szeretn\u00e9k \u00fajra meger\u0151s\u00edteni a Seychelle-szigeteken. Sz\u00e9ps\u00e9g\u00e9t, meghatotts\u00e1g\u00e1t tekintve semmivel sem marad alul a hivatalos esk\u00fcv\u0151nek viszont nincsenek hivatali k\u00f6lts\u00e9gek, dokumentumok beszerz\u00e9se, ford\u00edt\u00e1sa \u00edgy \u00e1rban is j\u00f3val k\u00f6lts\u00e9ghat\u00e9konyabb mint a hivatalos esk\u00fcv\u0151.<\/p>\n<p style=\"text-align: justify;\"><strong><span style=\"color: #c6b297;\">MILYEN DOKUMENTUMOK SZ\u00dcKS\u00c9GESEK A HIVATALOS ESK\u00dcV\u0150I CEREM\u00d3NI\u00c1HOZ A SEYCHELLE-SZIGETEKEN?<\/span><\/strong><br \/>\nA Seychelle-szigeteken tartott hivatalos h\u00e1zass\u00e1gk\u00f6t\u00e9shez a k\u00f6vetkez\u0151 dokumentumok sz\u00fcks\u00e9gesek: \u00e9rv\u00e9nyes \u00fatlevelek f\u00e9nym\u00e1solata, sz\u00fclet\u00e9si bizony\u00edtv\u00e1nyok f\u00e9nym\u00e1solata (angol vagy francia nyelvre ford\u00edtva), amelyeknek apostille tan\u00fas\u00edtv\u00e1nnyal kell ell\u00e1tva lenni\u00fck. Amennyiben kor\u00e1bban m\u00e1r h\u00e1zas volt\u00e1l, akkor az el\u0151z\u0151 h\u00e1zass\u00e1g felbont\u00e1s\u00e1r\u00f3l sz\u00f3l\u00f3 igazol\u00e1s vagy halotti bizony\u00edtv\u00e1ny elk\u00fcld\u00e9s\u00e9re is sz\u00fcks\u00e9g van. Az \u00f6sszes dokumentum m\u00e1solat\u00e1t a tervezett esk\u00fcv\u0151i id\u0151pont el\u0151tt legal\u00e1bb 4 h\u00e9ttel sz\u00fcks\u00e9ges elk\u00fcldeni a r\u00e9sz\u00fcnkre, iIlletve az eredeti dokumentumokat hiteles\u00edt\u00e9s c\u00e9lj\u00e1b\u00f3l (amennyiben k\u00e9rni fogj\u00e1k) legyetek kedvesek magatokkal hozni.<\/p>\n<p style=\"text-align: justify;\"><strong><span style=\"color: #c6b297;\">AZ ESK\u00dcV\u0150NK EL\u0150TT H\u00c1NY NAPPAL \u00c9RDEMES MEG\u00c9RKEZNI A SZIGETEKRE?<\/span><\/strong><br \/>\nTapasztalataink szerint legal\u00e1bb k\u00e9t nappal a cerem\u00f3nia el\u0151tt \u00e9rdemes meg\u00e9rkeznetek a szigetekre. Ennyi id\u0151 elegend\u0151, hogy felvegy\u00e9tek a helyi ritmust \u00e9s pihenjetek egy kicsit a nagy nap el\u0151tt. Term\u00e9szetesen a k\u00e9t nappal kor\u00e1bban val\u00f3 \u00e9rkez\u00e9s nem k\u00f6vetelm\u00e9ny. Sok p\u00e1r \u00e9rkezik csak egy nappal a szertart\u00e1s el\u0151tt, illetve m\u00e1r az is el\u0151fordult, hogy m\u00e9g az \u00e9rkez\u00e9s\u00fck napj\u00e1n sor ker\u00fclt a menyegz\u0151re.<\/p>\n<p style=\"text-align: justify;\"><strong><span style=\"color: #c6b297;\">A H\u00c9T MELYIK NAPJA A LEGJOBB A CEREM\u00d3NIA MEGTART\u00c1S\u00c1HOZ?<\/span><\/strong><br \/>\nH\u00e9tk\u00f6znapokon! Az esk\u00fcv\u0151 helysz\u00edn\u00e9t biztos\u00edt\u00f3 \u00f3ce\u00e1n partok legt\u00f6bbje h\u00e9tv\u00e9g\u00e9n a helyi lakosok k\u00f6r\u00e9ben is nagyon n\u00e9pszer\u0171ek. Amennyiben fontos sz\u00e1motokra a meghitt \u00e9s priv\u00e1t l\u00e9gk\u00f6r azt javasoljuk, hogy a kiv\u00e1lasztott nap mindenk\u00e9ppen h\u00e9tk\u00f6znapra essen!<\/p>\n<p style=\"text-align: justify;\"><strong><span style=\"color: #c6b297;\">VAN LEHET\u0150S\u00c9G\u00dcNK, HOGY SZEM\u00c9LYRE SZABJUK A CSOMAGUNKAT?<\/span><\/strong><br \/>\nTeljes m\u00e9rt\u00e9kben! Itt nyugodtan ki\u00e9lhetitek a kreat\u00edv \u00e9neteket, az alap csomagok mellett k\u00fcl\u00f6nb\u00f6z\u0151 kieg\u00e9sz\u00edt\u0151 szolg\u00e1ltat\u00e1sokat k\u00edn\u00e1lunk, \u00edgy a kiv\u00e1lasztott csomagotokat teljesen m\u00e9rt\u00e9kben saj\u00e1t \u00edzl\u00e9setekre form\u00e1lhatj\u00e1tok.<\/p>\n<p style=\"text-align: justify;\"><strong><span style=\"color: #c6b297;\">MIKOR FOGJUK MEGKAPNI A H\u00c1ZASS\u00c1G LEVELET?<\/span><\/strong><br \/>\nA h\u00e1zass\u00e1gi anyak\u00f6nyvi kivonat a szertart\u00e1st k\u00f6vet\u0151 h\u00e1rom-n\u00e9gy munkanapon bel\u00fcl k\u00e9sz\u00fcl el \u00e9s az \u00e1tv\u00e9tel\u00e9re a sz\u00e1ll\u00e1sotokon lesz lehet\u0151s\u00e9g.<\/p>\n<p style=\"text-align: justify;\"><span style=\"color: #c6b297;\"><strong>AZ ESK\u00dcV\u0150 UT\u00c1NI \u00dcNNEPL\u00c9SRE TUDTOK AJ\u00c1NLANI VALAMILYEN PROGRAMOT?<\/strong><\/span><br \/>\nHogyan is feledkezhetn\u00e9nk meg a legjobb r\u00e9szr\u0151l, ugye? Kulin\u00e1ris \u00e9lvezetek, Naplemente haj\u00f3z\u00e1s \u00e9s Helikopter t\u00fara szolg\u00e1ltat\u00e1saink k\u00f6z\u00fcl b\u00e1rmelyik t\u00f6k\u00e9letes v\u00e1laszt\u00e1s, hogy az esk\u00fcv\u0151i ut\u00e1ni mulats\u00e1gra hamis\u00edtatlan tr\u00f3pusi hangulatban ker\u00fclj\u00f6n sor.<\/p>\n<p style=\"text-align: justify;\"><strong><span style=\"color: #c6b297;\">A M\u00c9ZESHETEK IDEJ\u00c9RE IS TUDTOK PROGRAMOT AJ\u00c1NLANI?<\/span><\/strong><br \/>\nTerm\u00e9szetesen van n\u00e9h\u00e1ny ide\u00e1lis \u201erandihely\u00fcnk\u201d a t\u00f6rt\u00e9nelemrajong\u00f3knak, kulin\u00e1ris kalandoz\u00f3knak \u00e9s az igazi szigetfelfedez\u0151knek is! A r\u00e9szletek partner\u00fcnk <span style=\"color: #c6b297;\"><a style=\"color: #c6b297;\" href=\"https:\/\/www.seychelleswelcometravel.com\/activity\">oldal\u00e1n<\/a><\/span> megtal\u00e1lhat\u00f3ak.<\/p>\n<p>[\/vc_column_text][\/vc_column][\/vc_row]<\/p>\n","protected":false},"excerpt":{"rendered":"<p>[vc_row css=&#8221;.vc_custom_1517594843251{margin-top: 0px !important;margin-bottom: 0px !important;padding-top: 80px !important;padding-bottom: 80px !important;}&#8221;][vc_column width=&#8221;1\/2&#8243;][\/vc_column][vc_column width=&#8221;1\/2&#8243;][\/vc_column][\/vc_row][vc_row css=&#8221;.vc_custom_1517594824067{padding-top: 0px !important;padding-bottom: 0px !important;}&#8221;][vc_column][vc_separator][\/vc_column][\/vc_row][vc_row][vc_column][vc_column_text] HOL TAL\u00c1LHAT\u00d3 AZ IROD\u00c1TOK? Sz\u00e9khely\u00fcnk \u00e9s irod\u00e1nk is a Seychelle-szigeteken tal\u00e1lhat\u00f3, mind\u00f6ssze 5 percre a nemzetk\u00f6zi rep\u00fcl\u0151t\u00e9rt\u0151l. PROFI KEZEKBEM LESZ\u00dcNK? Term\u00e9szetesen! Csapatunk minden tagja magasan k\u00e9pzett az esk\u00fcv\u0151 \u2013 rendezv\u00e9ny illetve a programszervez\u00e9s ter\u00fclet\u00e9n is. Professzion\u00e1lis szervez\u00e9ssel \u00e9s [&hellip;]<\/p>\n","protected":false},"author":1,"featured_media":0,"parent":0,"menu_order":0,"comment_status":"closed","ping_status":"closed","template":"","meta":[],"_links":{"self":[{"href":"https:\/\/tropicalweddingseychelles.com\/hu\/wp-json\/wp\/v2\/pages\/3799"}],"collection":[{"href":"https:\/\/tropicalweddingseychelles.com\/hu\/wp-json\/wp\/v2\/pages"}],"about":[{"href":"https:\/\/tropicalweddingseychelles.com\/hu\/wp-json\/wp\/v2\/types\/page"}],"author":[{"embeddable":true,"href":"https:\/\/tropicalweddingseychelles.com\/hu\/wp-json\/wp\/v2\/users\/1"}],"replies":[{"embeddable":true,"href":"https:\/\/tropicalweddingseychelles.com\/hu\/wp-json\/wp\/v2\/comments?post=3799"}],"version-history":[{"count":31,"href":"https:\/\/tropicalweddingseychelles.com\/hu\/wp-json\/wp\/v2\/pages\/3799\/revisions"}],"predecessor-version":[{"id":6789,"href":"https:\/\/tropicalweddingseychelles.com\/hu\/wp-json\/wp\/v2\/pages\/3799\/revisions\/6789"}],"wp:attachment":[{"href":"https:\/\/tropicalweddingseychelles.com\/hu\/wp-json\/wp\/v2\/media?parent=3799"}],"curies":[{"name":"wp","href":"https:\/\/api.w.org\/{rel}","templated":true}]}}