{"id":3828,"date":"2022-01-11T16:21:18","date_gmt":"2022-01-11T16:21:18","guid":{"rendered":"https:\/\/tropicalweddingseychelles.com\/altalanos-szerzodesi-feltetelek\/"},"modified":"2025-04-10T14:41:25","modified_gmt":"2025-04-10T14:41:25","slug":"altalanos-szerzodesi-feltetelek","status":"publish","type":"page","link":"https:\/\/tropicalweddingseychelles.com\/hu\/altalanos-szerzodesi-feltetelek\/","title":{"rendered":"\u00c1ltal\u00e1nos szerz\u0151d\u00e9si felt\u00e9telek"},"content":{"rendered":"<p>[vc_row css=&#8221;.vc_custom_1648497516535{margin-top: 30px !important;margin-bottom: 50px !important;padding-top: 0px !important;padding-bottom: 0px !important;}&#8221;][vc_column]<div id=\"ultimate-heading-718869f64ccd4bbe1\" class=\"uvc-heading ult-adjust-bottom-margin ultimate-heading-718869f64ccd4bbe1 uvc-6816 \" data-hspacer=\"no_spacer\"  data-halign=\"center\" style=\"text-align:center\"><div class=\"uvc-heading-spacer no_spacer\" style=\"top\"><\/div><div class=\"uvc-main-heading ult-responsive\"  data-ultimate-target='.uvc-heading.ultimate-heading-718869f64ccd4bbe1 h2'  data-responsive-json-new='{\"font-size\":\"desktop:13px;\",\"line-height\":\"\"}' ><h2 style=\"font-family:&#039;Playfair Display&#039;;font-weight:700;color:#000000;\">\u00c1LTAL\u00c1NOS SZERZ\u0150D\u00c9SI FELT\u00c9TELEK<\/h2><\/div><div class=\"uvc-sub-heading ult-responsive\"  data-ultimate-target='.uvc-heading.ultimate-heading-718869f64ccd4bbe1 .uvc-sub-heading '  data-responsive-json-new='{\"font-size\":\"\",\"line-height\":\"\"}'  style=\"font-weight:normal;margin-bottom:0px;\"><\/p>\n<p style=\"text-align: center;\">HIVATALOS \u00c9S SZIMBOLIKUS CEREMONI\u00c1K TELJES K\u00d6R\u0170 SZERVEZ\u00c9SE \u00c9S LEBONYOL\u00cdT\u00c1SA A<\/p>\n<p><\/div><\/div><div id=\"ultimate-heading-36669f64ccd4bc20\" class=\"uvc-heading ult-adjust-bottom-margin ultimate-heading-36669f64ccd4bc20 uvc-2024 \" data-hspacer=\"no_spacer\"  data-halign=\"center\" style=\"text-align:center\"><div class=\"uvc-heading-spacer no_spacer\" style=\"top\"><\/div><div class=\"uvc-main-heading ult-responsive\"  data-ultimate-target='.uvc-heading.ultimate-heading-36669f64ccd4bc20 h2'  data-responsive-json-new='{\"font-size\":\"\",\"line-height\":\"\"}' ><h2 style=\"font-family:&#039;WindSong&#039;;font-weight:normal;color:#c6b297;\">Seychelle-szigeteken<\/h2><\/div><div class=\"uvc-sub-heading ult-responsive\"  data-ultimate-target='.uvc-heading.ultimate-heading-36669f64ccd4bc20 .uvc-sub-heading '  data-responsive-json-new='{\"font-size\":\"desktop:13px;\",\"line-height\":\"\"}'  style=\"font-family:&#039;Playfair Display&#039;;font-weight:700;color:#000000;margin-bottom:0px;\"><\/p>\n<p style=\"text-align: center;\">ELJEGYZ\u00c9S \u2013 ESK\u00dcV\u0150 \u2013 FOGADALOM MEGER\u0150S\u00cdT\u00c9S<\/p>\n<p><\/div><\/div>[vc_column_text css=&#8221;.vc_custom_1641930806657{margin-top: 0px !important;padding-top: 0px !important;padding-bottom: 0px !important;}&#8221;]<\/p>\n<p style=\"text-align: center;\">TROPICAL TOUCH (SEYCHELLES)<\/p>\n<p>[\/vc_column_text][\/vc_column][\/vc_row][vc_row css=&#8221;.vc_custom_1638796331070{margin-top: 0px !important;margin-bottom: 50px !important;padding-top: 0px !important;padding-bottom: 0px !important;}&#8221;][vc_column][vc_separator][\/vc_column][\/vc_row][vc_row css=&#8221;.vc_custom_1638796331070{margin-top: 0px !important;margin-bottom: 50px !important;padding-top: 0px !important;padding-bottom: 0px !important;}&#8221;][vc_column][vc_column_text]<\/p>\n<h6 style=\"text-align: justify;\"><span style=\"color: #000000;\">1. Bemutatkoz\u00e1s<\/span><\/h6>\n<p style=\"text-align: justify;\">\u00dcdv\u00f6zl\u00fcnk a TROPICAL WEDDING SEYCHELLES honlapj\u00e1n. K\u00e9rlek, az al\u00e1bbi \u00e1ltal\u00e1nos szerz\u0151d\u00e9si felt\u00e9teleket figyelmesen olvasd v\u00e9gig, melyben a Tropical Touch (Seychelles) esk\u00fcv\u0151- \u00e9s rendezv\u00e9nyszervez\u0151 iroda (tov\u00e1bbiakban: Szolg\u00e1ltat\u00f3) t\u00e1j\u00e9koztatja az \u00e1ltala k\u00edn\u00e1lt szolg\u00e1ltat\u00e1st ig\u00e9nybe vev\u0151ket (tov\u00e1bbiakban: Megrendel\u0151) a k\u00f6zt\u00fck l\u00e9trej\u00f6v\u0151 szerz\u0151d\u00e9s \u00e1ltal\u00e1nos felt\u00e9teleir\u0151l. A Megrendel\u0151 a honlapon aktu\u00e1lisan a Szolg\u00e1ltat\u00f3 \u00e1ltal k\u00edn\u00e1lt szolg\u00e1ltat\u00e1s ig\u00e9nybev\u00e9tel\u00e9vel (a honlap haszn\u00e1lata sor\u00e1n a foglal\u00e1s lead\u00e1s\u00e1val) meg\u00e9rti \u00e9s elfogadja a jelen dokumentumban lefektetett \u00e1ltal\u00e1nos szerz\u0151d\u00e9si felt\u00e9teleket.<\/p>\n<h6 style=\"text-align: justify;\"><span style=\"color: #000000;\">2. A szolg\u00e1ltat\u00e1s t\u00e1rgya, foglal\u00e1s<\/span><\/h6>\n<p style=\"text-align: justify;\">(2.1) Szolg\u00e1ltat\u00e1s foglal\u00e1sa<br \/>\nA foglal\u00e1st minden esetben a Szolg\u00e1ltat\u00f3 rendszer\u00e9n kereszt\u00fcl van lehet\u0151s\u00e9g leadni, a szolg\u00e1ltat\u00e1s t\u00e1rgy\u00e1t k\u00e9pezi a honlapon aktu\u00e1lisan tal\u00e1lhat\u00f3 Eljegyz\u00e9s, Esk\u00fcv\u0151, Fogadalom meger\u0151s\u00edt\u00e9s (tov\u00e1bbiakban: Szolg\u00e1ltat\u00e1si csomag) szervez\u00e9se \u00e9s teljes k\u00f6r\u0171 lebonyol\u00edt\u00e1sa, melyre a Szolg\u00e1ltat\u00f3 foglal\u00e1st vesz fel. A foglal\u00e1s v\u00e9gleges\u00edt\u00e9s\u00e9hez vissza nem t\u00e9r\u00edtend\u0151 el\u0151leg megfizet\u00e9se sz\u00fcks\u00e9ges, melyet az \u201e\u00c1SZF-t MEGISMERTEM, MEG\u00c9RTETTEM \u00c9S ELFOGADOM\u201d bejel\u00f6l\u00e9s\u00e9vel a Megrendel\u0151 tudom\u00e1sul vesz \u00e9s elfogad. A Megrendel\u0151 elfogadja, hogy a Szolg\u00e1ltat\u00f3 a foglal\u00e1s be\u00e9rkez\u00e9se ut\u00e1n 24 \u00f3r\u00e1n bel\u00fcl a Megrendel\u0151 \u00e1ltal kiv\u00e1lasztott Szolg\u00e1ltat\u00e1si csomag lefoglal\u00e1s\u00e1nak v\u00e9gleges\u00edt\u00e9se c\u00e9lj\u00e1b\u00f3l a vissza nem t\u00e9r\u00edtend\u0151 el\u0151leg megfizet\u00e9s\u00e9hez sz\u00fcks\u00e9ges d\u00edjbek\u00e9r\u0151t minden esetben email form\u00e1j\u00e1ban tov\u00e1bb\u00edtja a Megrendel\u0151 r\u00e9sz\u00e9re. A Szolg\u00e1ltat\u00f3 a vissza nem t\u00e9r\u00edtend\u0151 el\u0151leg be\u00e9rkez\u00e9se ut\u00e1n 24 \u00f3r\u00e1n bel\u00fcl visszaigazol\u00e1st k\u00fcld a Megrendel\u0151 \u00e1ltal megadott email c\u00edmre. A Megrendel\u0151 elfogadja, hogy a Szolg\u00e1ltat\u00f3 a Szolg\u00e1ltat\u00e1si csomag vissza nem t\u00e9r\u00edtend\u0151 el\u0151leg\u00e9nek megfizet\u00e9s\u00e9r\u0151l az igazol\u00f3 sz\u00e1ml\u00e1t minden esetben email form\u00e1j\u00e1ban tov\u00e1bb\u00edt a Megrendel\u0151 r\u00e9sz\u00e9re.<\/p>\n<p style=\"text-align: justify;\">(2.2) Szolg\u00e1ltat\u00e1s fizet\u00e9si \u00fctemez\u00e9se<br \/>\nA foglal\u00e1s v\u00e9gleges\u00edt\u00e9s\u00e9hez minden esetben vissza nem t\u00e9r\u00edtend\u0151 el\u0151leg megfizet\u00e9se sz\u00fcks\u00e9ges. A vissza nem t\u00e9r\u00edtend\u0151 el\u0151leg befizet\u00e9se a teljes d\u00edj 30%-\u00e1t k\u00e9pezi, amelyet a kiv\u00e1lasztott Szolg\u00e1ltat\u00e1si csomag lefoglal\u00e1sa ut\u00e1n 3 munkanapon bel\u00fcl sz\u00fcks\u00e9ges megfizetni. A hat\u00e1rid\u0151 lej\u00e1rta ut\u00e1n a foglal\u00e1s t\u00f6rl\u00e9sre ker\u00fcl. A Megrendel\u0151 \u00e1ltal fizetend\u0151 teljes d\u00edj fennmarad\u00f3 \u00f6sszeg\u00e9t (70%) legk\u00e9s\u0151bb 30 nappal a szolg\u00e1ltat\u00e1s ig\u00e9nybev\u00e9tel\u00e9nek kezdete el\u0151tt kell kiegyenl\u00edteni. A Megrendel\u0151 elfogadja, hogy a Szolg\u00e1ltat\u00f3 a Szolg\u00e1ltat\u00e1si csomag teljes d\u00edj\u00e1nak a megfizet\u00e9s\u00e9r\u0151l az igazol\u00f3 sz\u00e1ml\u00e1t minden esetben email form\u00e1j\u00e1ban tov\u00e1bb\u00edt a Megrendel\u0151 r\u00e9sz\u00e9re. Amennyiben a Szolg\u00e1ltat\u00e1si csomag lefoglal\u00e1sa a szolg\u00e1ltat\u00e1s ig\u00e9nybev\u00e9tel\u00e9t megel\u0151z\u0151 30 napon bel\u00fcl t\u00f6rt\u00e9nik, a teljes d\u00edj megfizet\u00e9se sz\u00fcks\u00e9ges.<\/p>\n<p style=\"text-align: justify;\">(2.3) Szolg\u00e1ltat\u00e1s m\u00f3dos\u00edt\u00e1sa<br \/>\nA Szolg\u00e1ltat\u00e1si csomag m\u00f3dos\u00edt\u00e1s\u00e1t minden esetben \u00edr\u00e1sban kell beny\u00fajtani a Szolg\u00e1ltat\u00f3 r\u00e9sz\u00e9re legal\u00e1bb 15 nappal a szolg\u00e1ltat\u00e1s ig\u00e9nybev\u00e9tel\u00e9nek kezdete el\u0151tt.<\/p>\n<p style=\"text-align: justify;\">(2.4) Szolg\u00e1ltat\u00e1s lemond\u00e1sa<br \/>\nA Megrendel\u0151 a szolg\u00e1ltat\u00e1s ig\u00e9nybev\u00e9tel\u00e9nek kezdete el\u0151tt b\u00e1rmikor lemondhatja a m\u00e1r el\u0151zetesen lefoglalt Szolg\u00e1ltat\u00e1si csomagot. A Megrendel\u0151nek a lemond\u00e1st minden esetben \u00edr\u00e1sban kell k\u00f6z\u00f6lni a Szolg\u00e1ltat\u00f3val. Az el\u00e1ll\u00e1si nyilatkozat hat\u00e1lyoss\u00e1g\u00e1hoz az sz\u00fcks\u00e9ges, hogy a c\u00edmzett arr\u00f3l tudom\u00e1st szerezzen. Amennyiben azonban a Szolg\u00e1ltat\u00e1si csomag lemond\u00e1s\u00e1ra a szolg\u00e1ltat\u00e1s ig\u00e9nybev\u00e9tel\u00e9nek kezdet\u00e9t\u0151l sz\u00e1m\u00edtott 30 napon bel\u00fcl ker\u00fcl sor, a befizetett \u00f6sszeg nem ker\u00fcl visszafizet\u00e9sre.<\/p>\n<h6><span style=\"color: #000000;\">3. Felel\u0151ss\u00e9g<\/span><\/h6>\n<p style=\"text-align: justify;\">A megv\u00e1s\u00e1rolni k\u00edv\u00e1nt szolg\u00e1ltat\u00e1sok f\u0151bb jellemz\u0151it a honlapon tal\u00e1lhat\u00f3 le\u00edr\u00e1s tartalmazza. A Szolg\u00e1ltat\u00f3 a t\u0151le telhet\u0151 legnagyobb gondoss\u00e1ggal kezeli a honlapon szerepl\u0151 inform\u00e1ci\u00f3kat, mindent megtesz annak \u00e9rdek\u00e9ben, hogy a weboldalon a szolg\u00e1ltat\u00e1sokkal kapcsolatos adatok (\u00edgy k\u00fcl\u00f6n\u00f6sen azok \u00e1ra, le\u00edr\u00e1sa, stb.) a lehet\u0151 legpontosabbak legyenek felt\u00fcntetve. A honlap \u00e9s a szolg\u00e1ltat\u00e1sok t\u00e9ves \u00e9rtelmez\u00e9s\u00e9b\u0151l ered\u0151 k\u00e1rok\u00e9rt a Szolg\u00e1ltat\u00f3 felel\u0151ss\u00e9get nem v\u00e1llal. Tov\u00e1bb\u00e1 a Szolg\u00e1ltat\u00f3 kijelenti, hogy nem v\u00e1llal felel\u0151ss\u00e9get, olyan m\u0171k\u00f6d\u00e9si hiba eset\u00e9n, amely megg\u00e1tolja a Megrendel\u0151t, hogy a Szolg\u00e1ltat\u00f3 honlapj\u00e1ra csatlakozzon vagy foglal\u00e1st adjon le.<\/p>\n<h6><span style=\"color: #000000;\">4. Vis Maior<\/span><\/h6>\n<p style=\"text-align: justify;\">A Szolg\u00e1ltat\u00f3 \u00f6nhib\u00e1j\u00e1n k\u00edv\u00fcl bek\u00f6vetkezett, rendk\u00edv\u00fcli, elh\u00e1r\u00edthatatlan esem\u00e9nyek (vis maior: pl. rendk\u00edv\u00fcli id\u0151j\u00e1r\u00e1si, \u2013 \u00fatviszonyok, term\u00e9szeti katasztr\u00f3f\u00e1k, h\u00e1bor\u00fak, lez\u00e1r\u00e1sok, zavarg\u00e1sok, sztr\u00e1jkok) eset\u00e9n a teljes\u00edt\u00e9s elmarad\u00e1sa miatt a Megrendel\u0151 nem jogosult a szerz\u0151d\u00e9sszeg\u00e9s eset\u00e9n alkalmazhat\u00f3 jogk\u00f6vetkezm\u00e9nyek \u00e9rv\u00e9nyes\u00edt\u00e9s\u00e9re.<\/p>\n<h6><span style=\"color: #000000;\">5. Egy\u00e9b rendelkez\u00e9sek<\/span><\/h6>\n<p style=\"text-align: justify;\">A Megrendel\u0151 elfogadja \u00e9s egyet\u00e9rt azzal, hogy a lefoglalt Szolg\u00e1ltat\u00e1si csomag mindig az el\u0151re leegyeztetett id\u0151pontnak megfelel\u0151en ker\u00fcl megtart\u00e1sra (kiv\u00e9tel: vis maior). Tov\u00e1bb\u00e1 egyt\u00e9rt azzal, hogy a tervezett befejez\u00e9si id\u0151n t\u00fali marad\u00e1s a szolg\u00e1ltat\u00e1shoz kapcsol\u00f3d\u00f3 esem\u00e9nyen, programon a Szolg\u00e1ltat\u00f3nak nem k\u00f6teless\u00e9ge. Amennyiben a szolg\u00e1ltat\u00e1s a Megrendel\u0151 hib\u00e1j\u00e1b\u00f3l kifoly\u00f3lag nem kezdhet\u0151 meg a tervezett id\u0151pontban a Megrendel\u0151 k\u00e9rheti a Szolg\u00e1ltat\u00f3t tov\u00e1bbi d\u00edjak \u00e9s k\u00f6lts\u00e9gek ellen\u00e9ben a Szolg\u00e1ltat\u00e1si csomag id\u0151pontj\u00e1nak m\u00f3dos\u00edt\u00e1s\u00e1ra a helysz\u00ednen. Ezzel egyidej\u0171leg tov\u00e1bb\u00e1 meg\u00e9rti \u00e9s elfogadja, hogy Szolg\u00e1ltat\u00e1si csomag id\u0151pontj\u00e1nak a helysz\u00ednen t\u00f6rt\u00e9n\u0151 m\u00f3dos\u00edt\u00e1sa eset\u00e9n a szolg\u00e1ltat\u00e1s teljes\u00edt\u00e9s\u00e9re a Szolg\u00e1ltat\u00f3 nem k\u00f6telezhet\u0151.<\/p>\n<h6 style=\"text-align: justify;\"><span style=\"color: #000000;\">6. A felek jogviszony\u00e1ban alkalmazand\u00f3 jog, elj\u00e1r\u00f3 b\u00edr\u00f3s\u00e1g<\/span><\/h6>\n<p style=\"text-align: justify;\">A Szolg\u00e1ltat\u00f3 \u00e9s a Megrendel\u0151 f\u00e9l k\u00f6z\u00f6tti jogviszonyt a Seychelle-szigeteki K\u00f6zt\u00e1rsas\u00e1g t\u00f6rv\u00e9nyei szab\u00e1lyozz\u00e1k. A szolg\u00e1ltat\u00e1si szerz\u0151d\u00e9sb\u0151l ered\u0151 b\u00e1rmely jogvita lefolytat\u00e1s\u00e1ra a szolg\u00e1ltat\u00e1s helye szerint hat\u00e1sk\u00f6rrel rendelkez\u0151 b\u00edr\u00f3s\u00e1g az illet\u00e9kes.<\/p>\n<h6 style=\"text-align: justify;\"><span style=\"color: #000000;\">7. Adatv\u00e9delem<\/span><\/h6>\n<p style=\"text-align: justify;\">A Szolg\u00e1ltat\u00f3 a GDPR el\u0151\u00edr\u00e1sai szerint kezeli a sz\u00fcks\u00e9ges szem\u00e9lyes adatokat \u2013 p\u00e9ld\u00e1ul a Megrendel\u0151 nev\u00e9t, el\u00e9rhet\u0151s\u00e9g\u00e9t \u00e9s a v\u00e1lasztott szolg\u00e1ltat\u00e1sokhoz kapcsol\u00f3d\u00f3 preferenci\u00e1it, kiz\u00e1r\u00f3lag a szolg\u00e1ltat\u00e1sny\u00fajt\u00e1s \u00e9s az \u00e9rdekl\u0151d\u00e9sek megv\u00e1laszol\u00e1sa c\u00e9lj\u00e1b\u00f3l. Minden inform\u00e1ci\u00f3 biztons\u00e1gosan ker\u00fcl t\u00e1rol\u00e1sra, nem ker\u00fcl tov\u00e1bb\u00e9rt\u00e9kes\u00edt\u00e9sre, \u00e9s csak megb\u00edzhat\u00f3 szolg\u00e1ltat\u00f3i partnereinkkel ker\u00fcl megoszt\u00e1sra, ha arra sz\u00fcks\u00e9g van. A weboldal haszn\u00e1lat\u00e1val a Megrendel\u0151 hozz\u00e1j\u00e1rul az adatkezel\u00e9shez \u00e9s a cookie-k alkalmaz\u00e1s\u00e1hoz, amelyek biztos\u00edtj\u00e1k a webhely z\u00f6kken\u0151mentes m\u0171k\u00f6d\u00e9s\u00e9t \u00e9s seg\u00edtenek a l\u00e1togat\u00f3i adatok elemz\u00e9s\u00e9ben. Az adat-hozz\u00e1f\u00e9r\u00e9si vagy m\u00f3dos\u00edt\u00e1si k\u00e9relmeket az <span style=\"color: #c6b297;\"><a style=\"color: #c6b297;\" href=\"mailto:info@tropicalweddingseychelles.com\" rel=\"noopener\" data-start=\"645\" data-end=\"679\">info@tropicalweddingseychelles.com<\/a><\/span> c\u00edmre lehet elk\u00fcldeni.<\/p>\n<h6 style=\"text-align: justify;\"><span style=\"color: #000000;\">7. Z\u00e1r\u00f3 rendelkez\u00e9sek<\/span><\/h6>\n<p style=\"text-align: justify;\">A jelen egys\u00e9ges szerkezetbe foglalt \u00e1ltal\u00e1nos szolg\u00e1ltat\u00e1si szerz\u0151d\u00e9s teljes k\u00f6r\u0171en tartalmazza a Megrendel\u0151 \u00e9s a Szolg\u00e1ltat\u00f3 k\u00f6z\u00f6tt a szolg\u00e1ltat\u00e1s t\u00e1rgya tekintet\u00e9ben l\u00e9trej\u00f6tt meg\u00e1llapod\u00e1st. A foglal\u00e1s lead\u00e1s\u00e1val \u00e9s az el\u0151leg befizet\u00e9s\u00e9vel a Megrendel\u0151 meg\u00e9rti \u00e9s elfogadja ezeket az \u00e1ltal\u00e1nos szerz\u0151d\u00e9si felt\u00e9teleket \u00e9s v\u00e1llalja ezeknek a betart\u00e1s\u00e1t.<\/p>\n<p>[\/vc_column_text][\/vc_column][\/vc_row]<\/p>\n","protected":false},"excerpt":{"rendered":"<p>[vc_row css=&#8221;.vc_custom_1648497516535{margin-top: 30px !important;margin-bottom: 50px !important;padding-top: 0px !important;padding-bottom: 0px !important;}&#8221;][vc_column][vc_column_text css=&#8221;.vc_custom_1641930806657{margin-top: 0px !important;padding-top: 0px !important;padding-bottom: 0px !important;}&#8221;] TROPICAL TOUCH (SEYCHELLES) [\/vc_column_text][\/vc_column][\/vc_row][vc_row css=&#8221;.vc_custom_1638796331070{margin-top: 0px !important;margin-bottom: 50px !important;padding-top: 0px !important;padding-bottom: 0px !important;}&#8221;][vc_column][vc_separator][\/vc_column][\/vc_row][vc_row css=&#8221;.vc_custom_1638796331070{margin-top: 0px !important;margin-bottom: 50px !important;padding-top: 0px !important;padding-bottom: 0px !important;}&#8221;][vc_column][vc_column_text] 1. Bemutatkoz\u00e1s \u00dcdv\u00f6zl\u00fcnk a TROPICAL WEDDING SEYCHELLES honlapj\u00e1n. K\u00e9rlek, az al\u00e1bbi \u00e1ltal\u00e1nos szerz\u0151d\u00e9si felt\u00e9teleket figyelmesen olvasd [&hellip;]<\/p>\n","protected":false},"author":1,"featured_media":0,"parent":0,"menu_order":0,"comment_status":"closed","ping_status":"closed","template":"","meta":[],"_links":{"self":[{"href":"https:\/\/tropicalweddingseychelles.com\/hu\/wp-json\/wp\/v2\/pages\/3828"}],"collection":[{"href":"https:\/\/tropicalweddingseychelles.com\/hu\/wp-json\/wp\/v2\/pages"}],"about":[{"href":"https:\/\/tropicalweddingseychelles.com\/hu\/wp-json\/wp\/v2\/types\/page"}],"author":[{"embeddable":true,"href":"https:\/\/tropicalweddingseychelles.com\/hu\/wp-json\/wp\/v2\/users\/1"}],"replies":[{"embeddable":true,"href":"https:\/\/tropicalweddingseychelles.com\/hu\/wp-json\/wp\/v2\/comments?post=3828"}],"version-history":[{"count":27,"href":"https:\/\/tropicalweddingseychelles.com\/hu\/wp-json\/wp\/v2\/pages\/3828\/revisions"}],"predecessor-version":[{"id":6796,"href":"https:\/\/tropicalweddingseychelles.com\/hu\/wp-json\/wp\/v2\/pages\/3828\/revisions\/6796"}],"wp:attachment":[{"href":"https:\/\/tropicalweddingseychelles.com\/hu\/wp-json\/wp\/v2\/media?parent=3828"}],"curies":[{"name":"wp","href":"https:\/\/api.w.org\/{rel}","templated":true}]}}